{"id":3825,"date":"2020-05-26T15:09:21","date_gmt":"2020-05-26T12:09:21","guid":{"rendered":"https:\/\/bimko.com\/?page_id=3825"},"modified":"2024-12-17T17:02:18","modified_gmt":"2024-12-17T14:02:18","slug":"about-us","status":"publish","type":"page","link":"https:\/\/bimko.com\/en\/about-us\/","title":{"rendered":"<i>About Us<\/i>"},"content":{"rendered":"<div data-elementor-type=\"wp-page\" data-elementor-id=\"3825\" class=\"elementor elementor-3825\" data-elementor-post-type=\"page\">\n\t\t\t\t\t\t<section data-particle_enable=\"false\" data-particle-mobile-disabled=\"false\" class=\"elementor-section elementor-top-section elementor-element elementor-element-72a0f6d elementor-section-boxed elementor-section-height-default elementor-section-height-default sc_fly_static\" data-id=\"72a0f6d\" data-element_type=\"section\" data-settings=\"{&quot;tmea_shape_divider_top&quot;:&quot;none&quot;,&quot;tmea_shape_divider_bottom&quot;:&quot;none&quot;}\">\n\t\t\t\t\t\t<div class=\"elementor-container elementor-column-gap-extended\">\n\t\t\t\t\t<div class=\"elementor-column elementor-col-100 elementor-top-column elementor-element elementor-element-e478aa4 sc_inner_width_none sc_content_align_inherit sc_layouts_column_icons_position_left sc_fly_static\" data-id=\"e478aa4\" data-element_type=\"column\">\n\t\t\t<div class=\"elementor-widget-wrap elementor-element-populated\">\n\t\t\t\t\t\t<div class=\"elementor-element elementor-element-4236d26 sc_height_huge sc_fly_static elementor-widget elementor-widget-spacer\" data-id=\"4236d26\" data-element_type=\"widget\" data-widget_type=\"spacer.default\">\n\t\t\t\t<div class=\"elementor-widget-container\">\n\t\t\t\t\t\t\t<div class=\"elementor-spacer\">\n\t\t\t<div class=\"elementor-spacer-inner\"><\/div>\n\t\t<\/div>\n\t\t\t\t\t\t<\/div>\n\t\t\t\t<\/div>\n\t\t\t\t<div class=\"elementor-element elementor-element-492a7b8 scheme_default sc_fly_static elementor-widget elementor-widget-text-editor\" data-id=\"492a7b8\" data-element_type=\"widget\" data-widget_type=\"text-editor.default\">\n\t\t\t\t<div class=\"elementor-widget-container\">\n\t\t\t\t\t\t\t\t\t<h6 class=\"p1\">Bimko is a family run company with a strong commitment to customer care, founded in 1993 in Istanbul. Started as a home appliances spare parts trading company, over the years Bimko focused on producing various activated carbon filters for cooker hoods.<\/h6><h6 class=\"p1\">Today Bimko is one of the biggest cooker hood filter supplier of Turkey, EU countries , and India with more than 100 product range and over 750.000 pcs filter producing capacity per year. Our products reach more than 40 countries all around the world through direct customers in Germany, Netherlands , Italy , France , India and UK.<\/h6><h6 class=\"p1\">Over the last 3 years, when Bimko has focused on manufacturing and exporting carbon filters for cookers, has grown with its producing capacity. Bimko is a leading company in its industry by adopting the principle of customer satisfaction , fast delivery and competetive prices.<\/h6>\t\t\t\t\t\t\t\t<\/div>\n\t\t\t\t<\/div>\n\t\t\t\t\t<\/div>\n\t\t<\/div>\n\t\t\t\t\t<\/div>\n\t\t<\/section>\n\t\t\t\t<section data-particle_enable=\"false\" data-particle-mobile-disabled=\"false\" class=\"elementor-section elementor-top-section elementor-element elementor-element-941b9e0 elementor-section-boxed elementor-section-height-default elementor-section-height-default sc_fly_static\" data-id=\"941b9e0\" data-element_type=\"section\" data-settings=\"{&quot;tmea_shape_divider_top&quot;:&quot;none&quot;,&quot;tmea_shape_divider_bottom&quot;:&quot;none&quot;}\">\n\t\t\t\t\t\t<div class=\"elementor-container elementor-column-gap-extended\">\n\t\t\t\t\t<div class=\"elementor-column elementor-col-100 elementor-top-column elementor-element elementor-element-892eacc sc_inner_width_none sc_content_align_inherit sc_layouts_column_icons_position_left sc_fly_static\" data-id=\"892eacc\" data-element_type=\"column\">\n\t\t\t<div class=\"elementor-widget-wrap elementor-element-populated\">\n\t\t\t\t\t\t<div class=\"elementor-element elementor-element-21aec13 sc_height_small sc_fly_static elementor-widget elementor-widget-spacer\" data-id=\"21aec13\" data-element_type=\"widget\" data-widget_type=\"spacer.default\">\n\t\t\t\t<div class=\"elementor-widget-container\">\n\t\t\t\t\t\t\t<div class=\"elementor-spacer\">\n\t\t\t<div class=\"elementor-spacer-inner\"><\/div>\n\t\t<\/div>\n\t\t\t\t\t\t<\/div>\n\t\t\t\t<\/div>\n\t\t\t\t\t<\/div>\n\t\t<\/div>\n\t\t\t\t\t<\/div>\n\t\t<\/section>\n\t\t\t\t<section data-particle_enable=\"false\" data-particle-mobile-disabled=\"false\" class=\"elementor-section-with-custom-width elementor-section elementor-top-section elementor-element elementor-element-6fafea80 elementor-section-boxed elementor-section-height-default elementor-section-height-default sc_fly_static\" data-id=\"6fafea80\" data-element_type=\"section\" data-settings=\"{&quot;tmea_shape_divider_top&quot;:&quot;none&quot;,&quot;tmea_shape_divider_bottom&quot;:&quot;none&quot;}\">\n\t\t\t\t\t\t<div class=\"elementor-container elementor-column-gap-no\">\n\t\t\t\t\t<div class=\"elementor-column elementor-col-50 elementor-top-column elementor-element elementor-element-4bdf86e9 sc_inner_width_none sc_content_align_inherit sc_layouts_column_icons_position_left sc_fly_static\" data-id=\"4bdf86e9\" data-element_type=\"column\">\n\t\t\t<div class=\"elementor-widget-wrap elementor-element-populated\">\n\t\t\t\t\n\t\t<div class=\"elementor-element elementor-element-3cafea9 scheme_solar sc_fly_static elementor-widget elementor-widget-tme-price_menu\" data-id=\"3cafea9\" data-element_type=\"widget\" data-widget_type=\"tme-price_menu.default\">\n\t\t\t\t<div class=\"elementor-widget-container\">\n\t\t\t\t\t         \n        <div class=\"tme-price-menu-wrapper tme-price-menu-layout-1\">\n                        <div class=\"tme-price-menu-title tme-price-menu-title-full\">\n                <div class=\"tme-price-menu-bar\">\n                    <h2 class=\"tme-price-menu-name\">BIMKO continues to grow!<\/h2>\t\t\t\t\t                    <div class=\"tme-price-menu-seperator\"><\/div>\n                                                            <div class=\"tme-price-menu-price\">\n                        2023                    <\/div>\n                                    <\/div>\n                                <div class=\"tme-price-menu-description\">\n                    BIMKO is taking firm steps forward on its way by working harder every day for its new goals.                <\/div>\n                            <\/div>\n        <\/div>\n         \n        <div class=\"tme-price-menu-wrapper tme-price-menu-layout-1\">\n                        <div class=\"tme-price-menu-title tme-price-menu-title-full\">\n                <div class=\"tme-price-menu-bar\">\n                    <h2 class=\"tme-price-menu-name\">We added another power to production!<\/h2>\t\t\t\t\t                    <div class=\"tme-price-menu-seperator\"><\/div>\n                                                            <div class=\"tme-price-menu-price\">\n                        2023                    <\/div>\n                                    <\/div>\n                                <div class=\"tme-price-menu-description\">\n                    Sponge impregnation line was established in 2023.                <\/div>\n                            <\/div>\n        <\/div>\n         \n        <div class=\"tme-price-menu-wrapper tme-price-menu-layout-1\">\n                        <div class=\"tme-price-menu-title tme-price-menu-title-full\">\n                <div class=\"tme-price-menu-bar\">\n                    <h2 class=\"tme-price-menu-name\">Molding department started production.<\/h2>\t\t\t\t\t                    <div class=\"tme-price-menu-seperator\"><\/div>\n                                                            <div class=\"tme-price-menu-price\">\n                        2022                    <\/div>\n                                    <\/div>\n                                <div class=\"tme-price-menu-description\">\n                    Molding department with the latest equipment was established.\n                <\/div>\n                            <\/div>\n        <\/div>\n         \n        <div class=\"tme-price-menu-wrapper tme-price-menu-layout-1\">\n                        <div class=\"tme-price-menu-title tme-price-menu-title-full\">\n                <div class=\"tme-price-menu-bar\">\n                    <h2 class=\"tme-price-menu-name\">Molding department started production.<\/h2>\t\t\t\t\t                    <div class=\"tme-price-menu-seperator\"><\/div>\n                                                            <div class=\"tme-price-menu-price\">\n                        2022                    <\/div>\n                                    <\/div>\n                                <div class=\"tme-price-menu-description\">\n                    Molding department with the latest equipment was established.\n                <\/div>\n                            <\/div>\n        <\/div>\n         \n        <div class=\"tme-price-menu-wrapper tme-price-menu-layout-1\">\n                        <div class=\"tme-price-menu-title tme-price-menu-title-full\">\n                <div class=\"tme-price-menu-bar\">\n                    <h2 class=\"tme-price-menu-name\">Record production!<\/h2>\t\t\t\t\t                    <div class=\"tme-price-menu-seperator\"><\/div>\n                                                            <div class=\"tme-price-menu-price\">\n                        2022                    <\/div>\n                                    <\/div>\n                                <div class=\"tme-price-menu-description\">\n                    Bimko became a company that produces 750,000 filters per year in 2022.\n                <\/div>\n                            <\/div>\n        <\/div>\n         \n        <div class=\"tme-price-menu-wrapper tme-price-menu-layout-1\">\n                        <div class=\"tme-price-menu-title tme-price-menu-title-full\">\n                <div class=\"tme-price-menu-bar\">\n                    <h2 class=\"tme-price-menu-name\">The leader in product diversity.<\/h2>\t\t\t\t\t                    <div class=\"tme-price-menu-seperator\"><\/div>\n                                                            <div class=\"tme-price-menu-price\">\n                        2021                    <\/div>\n                                    <\/div>\n                                <div class=\"tme-price-menu-description\">\n                    More than 100 product ranges were reached.\n                <\/div>\n                            <\/div>\n        <\/div>\n         \n        <div class=\"tme-price-menu-wrapper tme-price-menu-layout-1\">\n                        <div class=\"tme-price-menu-title tme-price-menu-title-full\">\n                <div class=\"tme-price-menu-bar\">\n                    <h2 class=\"tme-price-menu-name\">We added power to production!<\/h2>\t\t\t\t\t                    <div class=\"tme-price-menu-seperator\"><\/div>\n                                                            <div class=\"tme-price-menu-price\">\n                        2018                    <\/div>\n                                    <\/div>\n                                <div class=\"tme-price-menu-description\">\n                    We have reached 25+ Products                <\/div>\n                            <\/div>\n        <\/div>\n                \t\t\t\t<\/div>\n\t\t\t\t<\/div>\n\t\t\t\t\t<\/div>\n\t\t<\/div>\n\t\t\t\t<div class=\"elementor-column elementor-col-50 elementor-top-column elementor-element elementor-element-356ea92e sc_inner_width_none sc_content_align_inherit sc_layouts_column_icons_position_left sc_fly_static\" data-id=\"356ea92e\" data-element_type=\"column\">\n\t\t\t<div class=\"elementor-widget-wrap elementor-element-populated\">\n\t\t\t\t\t\t<div class=\"elementor-element elementor-element-251e2459 sc_fly_static elementor-widget elementor-widget-tme-price_menu\" data-id=\"251e2459\" data-element_type=\"widget\" data-widget_type=\"tme-price_menu.default\">\n\t\t\t\t<div class=\"elementor-widget-container\">\n\t\t\t\t\t         \n        <div class=\"tme-price-menu-wrapper tme-price-menu-layout-1\">\n                        <div class=\"tme-price-menu-title tme-price-menu-title-full\">\n                <div class=\"tme-price-menu-bar\">\n                    <h2 class=\"tme-price-menu-name\">Filtration products began to be produced.<\/h2>\t\t\t\t\t                    <div class=\"tme-price-menu-seperator\"><\/div>\n                                                            <div class=\"tme-price-menu-price\">\n                        2015                    <\/div>\n                                    <\/div>\n                                <div class=\"tme-price-menu-description\">\n                    Focused on the filtration industry.\n                <\/div>\n                            <\/div>\n        <\/div>\n         \n        <div class=\"tme-price-menu-wrapper tme-price-menu-layout-1\">\n                        <div class=\"tme-price-menu-title tme-price-menu-title-full\">\n                <div class=\"tme-price-menu-bar\">\n                    <h2 class=\"tme-price-menu-name\">The second generation took over the company.<\/h2>\t\t\t\t\t                    <div class=\"tme-price-menu-seperator\"><\/div>\n                                                            <div class=\"tme-price-menu-price\">\n                        2015                    <\/div>\n                                    <\/div>\n                                <div class=\"tme-price-menu-description\">\n                    The second generation took over the company and formed the management team.\n                <\/div>\n                            <\/div>\n        <\/div>\n         \n        <div class=\"tme-price-menu-wrapper tme-price-menu-layout-1\">\n                        <div class=\"tme-price-menu-title tme-price-menu-title-full\">\n                <div class=\"tme-price-menu-bar\">\n                    <h2 class=\"tme-price-menu-name\">Our founder passed away.<\/h2>\t\t\t\t\t                    <div class=\"tme-price-menu-seperator\"><\/div>\n                                                            <div class=\"tme-price-menu-price\">\n                        2015                    <\/div>\n                                    <\/div>\n                                <div class=\"tme-price-menu-description\">\n                    Founder Seyfullah Bayram passed away.                <\/div>\n                            <\/div>\n        <\/div>\n         \n        <div class=\"tme-price-menu-wrapper tme-price-menu-layout-1\">\n                        <div class=\"tme-price-menu-title tme-price-menu-title-full\">\n                <div class=\"tme-price-menu-bar\">\n                    <h2 class=\"tme-price-menu-name\">The first production was made.<\/h2>\t\t\t\t\t                    <div class=\"tme-price-menu-seperator\"><\/div>\n                                                            <div class=\"tme-price-menu-price\">\n                        1997                    <\/div>\n                                    <\/div>\n                                <div class=\"tme-price-menu-description\">\n                    BIMKO made its first production in 1997.\n                <\/div>\n                            <\/div>\n        <\/div>\n         \n        <div class=\"tme-price-menu-wrapper tme-price-menu-layout-1\">\n                        <div class=\"tme-price-menu-title tme-price-menu-title-full\">\n                <div class=\"tme-price-menu-bar\">\n                    <h2 class=\"tme-price-menu-name\">The first export was made.<\/h2>\t\t\t\t\t                    <div class=\"tme-price-menu-seperator\"><\/div>\n                                                            <div class=\"tme-price-menu-price\">\n                        1994                    <\/div>\n                                    <\/div>\n                                <div class=\"tme-price-menu-description\">\n                    BIMKO, the leader in its field, made its first export in 1994.\n                <\/div>\n                            <\/div>\n        <\/div>\n         \n        <div class=\"tme-price-menu-wrapper tme-price-menu-layout-1\">\n                        <div class=\"tme-price-menu-title tme-price-menu-title-full\">\n                <div class=\"tme-price-menu-bar\">\n                    <h2 class=\"tme-price-menu-name\">Household appliances and spare parts production<\/h2>\t\t\t\t\t                    <div class=\"tme-price-menu-seperator\"><\/div>\n                                                            <div class=\"tme-price-menu-price\">\n                        1993                    <\/div>\n                                    <\/div>\n                                <div class=\"tme-price-menu-description\">\n                    Household appliances started its activities with import and export of spare parts.\n                <\/div>\n                            <\/div>\n        <\/div>\n         \n        <div class=\"tme-price-menu-wrapper tme-price-menu-layout-1\">\n                        <div class=\"tme-price-menu-title tme-price-menu-title-full\">\n                <div class=\"tme-price-menu-bar\">\n                    <h2 class=\"tme-price-menu-name\">BIMKO Electric was established.<\/h2>\t\t\t\t\t                    <div class=\"tme-price-menu-seperator\"><\/div>\n                                                            <div class=\"tme-price-menu-price\">\n                        1993                    <\/div>\n                                    <\/div>\n                                <div class=\"tme-price-menu-description\">\n                    Bimko Elektrik was founded in 1993 by Seyfullah Bayram.\n                <\/div>\n                            <\/div>\n        <\/div>\n                \t\t\t\t<\/div>\n\t\t\t\t<\/div>\n\t\t\t\t\t<\/div>\n\t\t<\/div>\n\t\t\t\t\t<\/div>\n\t\t<\/section>\n\t\t\t\t<section data-particle_enable=\"false\" data-particle-mobile-disabled=\"false\" class=\"elementor-section elementor-top-section elementor-element elementor-element-6abeafc elementor-section-boxed elementor-section-height-default elementor-section-height-default sc_fly_static\" data-id=\"6abeafc\" data-element_type=\"section\" data-settings=\"{&quot;tmea_shape_divider_top&quot;:&quot;none&quot;,&quot;tmea_shape_divider_bottom&quot;:&quot;none&quot;}\">\n\t\t\t\t\t\t<div class=\"elementor-container elementor-column-gap-extended\">\n\t\t\t\t\t<div class=\"elementor-column elementor-col-100 elementor-top-column elementor-element elementor-element-d37c055 sc_inner_width_none sc_content_align_inherit sc_layouts_column_icons_position_left sc_fly_static\" data-id=\"d37c055\" data-element_type=\"column\">\n\t\t\t<div class=\"elementor-widget-wrap\">\n\t\t\t\t\t\t\t<\/div>\n\t\t<\/div>\n\t\t\t\t\t<\/div>\n\t\t<\/section>\n\t\t\t\t<\/div>","protected":false},"excerpt":{"rendered":"<p>Bimko Elektrik, 1993 y\u0131l\u0131nda \u0130stanbul&#8217;da kurulmu\u015f, m\u00fc\u015fteri hizmetlerine b\u00fcy\u00fck \u00f6nem veren bir aile \u015firketidir. Beyaz&hellip;<\/p>","protected":false},"author":1,"featured_media":0,"parent":0,"menu_order":0,"comment_status":"closed","ping_status":"closed","template":"","meta":{"footnotes":""},"class_list":["post-3825","page","type-page","status-publish","hentry"],"_links":{"self":[{"href":"https:\/\/bimko.com\/en\/wp-json\/wp\/v2\/pages\/3825","targetHints":{"allow":["GET"]}}],"collection":[{"href":"https:\/\/bimko.com\/en\/wp-json\/wp\/v2\/pages"}],"about":[{"href":"https:\/\/bimko.com\/en\/wp-json\/wp\/v2\/types\/page"}],"author":[{"embeddable":true,"href":"https:\/\/bimko.com\/en\/wp-json\/wp\/v2\/users\/1"}],"replies":[{"embeddable":true,"href":"https:\/\/bimko.com\/en\/wp-json\/wp\/v2\/comments?post=3825"}],"version-history":[{"count":24,"href":"https:\/\/bimko.com\/en\/wp-json\/wp\/v2\/pages\/3825\/revisions"}],"predecessor-version":[{"id":25585,"href":"https:\/\/bimko.com\/en\/wp-json\/wp\/v2\/pages\/3825\/revisions\/25585"}],"wp:attachment":[{"href":"https:\/\/bimko.com\/en\/wp-json\/wp\/v2\/media?parent=3825"}],"curies":[{"name":"wp","href":"https:\/\/api.w.org\/{rel}","templated":true}]}}