{"id":24646,"date":"2023-06-29T01:14:02","date_gmt":"2023-06-28T22:14:02","guid":{"rendered":"https:\/\/bimko.com\/?page_id=24646"},"modified":"2024-12-18T02:52:33","modified_gmt":"2024-12-17T23:52:33","slug":"products","status":"publish","type":"page","link":"https:\/\/bimko.com\/en\/products\/","title":{"rendered":"Products"},"content":{"rendered":"<div data-elementor-type=\"wp-page\" data-elementor-id=\"24646\" class=\"elementor elementor-24646\" data-elementor-post-type=\"page\">\n\t\t\t\t\t\t<section data-particle_enable=\"false\" data-particle-mobile-disabled=\"false\" class=\"elementor-section elementor-top-section elementor-element elementor-element-3177d7b2 elementor-section-full_width scheme_default elementor-section-height-default elementor-section-height-default sc_fly_static\" data-id=\"3177d7b2\" data-element_type=\"section\" data-settings=\"{&quot;background_background&quot;:&quot;classic&quot;,&quot;tmea_shape_divider_top&quot;:&quot;none&quot;,&quot;tmea_shape_divider_bottom&quot;:&quot;none&quot;}\">\n\t\t\t\t\t\t<div class=\"elementor-container elementor-column-gap-default\">\n\t\t\t\t\t<div class=\"elementor-column elementor-col-100 elementor-top-column elementor-element elementor-element-188f77e6 sc_inner_width_none sc_content_align_inherit sc_layouts_column_icons_position_left sc_fly_static\" data-id=\"188f77e6\" data-element_type=\"column\">\n\t\t\t<div class=\"elementor-widget-wrap elementor-element-populated\">\n\t\t\t\t\t\t<div class=\"elementor-element elementor-element-5abdc21 elementor-skin-slideshow sc_layouts_hide_on_tablet sc_layouts_hide_on_mobile elementor-widget__width-inherit elementor-arrows-yes sc_fly_static elementor-widget elementor-widget-media-carousel\" data-id=\"5abdc21\" data-element_type=\"widget\" data-settings=\"{&quot;skin&quot;:&quot;slideshow&quot;,&quot;lazyload&quot;:&quot;yes&quot;,&quot;effect&quot;:&quot;slide&quot;,&quot;show_arrows&quot;:&quot;yes&quot;,&quot;speed&quot;:500,&quot;autoplay&quot;:&quot;yes&quot;,&quot;autoplay_speed&quot;:5000,&quot;loop&quot;:&quot;yes&quot;,&quot;pause_on_hover&quot;:&quot;yes&quot;,&quot;pause_on_interaction&quot;:&quot;yes&quot;,&quot;space_between&quot;:{&quot;unit&quot;:&quot;px&quot;,&quot;size&quot;:10,&quot;sizes&quot;:[]},&quot;space_between_tablet&quot;:{&quot;unit&quot;:&quot;px&quot;,&quot;size&quot;:10,&quot;sizes&quot;:[]},&quot;space_between_mobile&quot;:{&quot;unit&quot;:&quot;px&quot;,&quot;size&quot;:10,&quot;sizes&quot;:[]}}\" data-widget_type=\"media-carousel.default\">\n\t\t\t\t<div class=\"elementor-widget-container\">\n\t\t\t\t\t\t\t<div class=\"elementor-swiper\">\n\t\t\t<div class=\"elementor-main-swiper swiper\">\n\t\t\t\t<div class=\"swiper-wrapper\">\n\t\t\t\t\t\t\t\t\t\t\t<div class=\"swiper-slide\">\n\t\t\t\t\t\t\t\t\t<div class=\"elementor-carousel-image swiper-lazy\" role=\"img\" aria-label=\"1\" data-background=\"https:\/\/bimko.com\/wp-content\/uploads\/2023\/08\/1-1.jpg\">\n\n\t\t\t\t\t\t\t<div class=\"swiper-lazy-preloader\"><\/div>\n\t\t\t\n\t\t\t\t\t<\/div>\n\t\t\t\t\t\t\t\t<\/div>\n\t\t\t\t\t\t\t\t\t\t\t<div class=\"swiper-slide\">\n\t\t\t\t\t\t\t\t\t<div class=\"elementor-carousel-image swiper-lazy\" role=\"img\" aria-label=\"2\" data-background=\"https:\/\/bimko.com\/wp-content\/uploads\/2023\/08\/2-1.jpg\">\n\n\t\t\t\t\t\t\t<div class=\"swiper-lazy-preloader\"><\/div>\n\t\t\t\n\t\t\t\t\t<\/div>\n\t\t\t\t\t\t\t\t<\/div>\n\t\t\t\t\t\t\t\t\t\t\t<div class=\"swiper-slide\">\n\t\t\t\t\t\t\t\t\t<div class=\"elementor-carousel-image swiper-lazy\" role=\"img\" aria-label=\"3\" data-background=\"https:\/\/bimko.com\/wp-content\/uploads\/2023\/08\/3-1.jpg\">\n\n\t\t\t\t\t\t\t<div class=\"swiper-lazy-preloader\"><\/div>\n\t\t\t\n\t\t\t\t\t<\/div>\n\t\t\t\t\t\t\t\t<\/div>\n\t\t\t\t\t\t\t\t\t\t\t<div class=\"swiper-slide\">\n\t\t\t\t\t\t\t\t\t<div class=\"elementor-carousel-image swiper-lazy\" role=\"img\" aria-label=\"6\" data-background=\"https:\/\/bimko.com\/wp-content\/uploads\/2023\/08\/6-1.jpg\">\n\n\t\t\t\t\t\t\t<div class=\"swiper-lazy-preloader\"><\/div>\n\t\t\t\n\t\t\t\t\t<\/div>\n\t\t\t\t\t\t\t\t<\/div>\n\t\t\t\t\t\t\t\t\t\t\t<div class=\"swiper-slide\">\n\t\t\t\t\t\t\t\t\t<div class=\"elementor-carousel-image swiper-lazy\" role=\"img\" aria-label=\"7\" data-background=\"https:\/\/bimko.com\/wp-content\/uploads\/2023\/08\/7-1.jpg\">\n\n\t\t\t\t\t\t\t<div class=\"swiper-lazy-preloader\"><\/div>\n\t\t\t\n\t\t\t\t\t<\/div>\n\t\t\t\t\t\t\t\t<\/div>\n\t\t\t\t\t\t\t\t\t\t\t<div class=\"swiper-slide\">\n\t\t\t\t\t\t\t\t\t<div class=\"elementor-carousel-image swiper-lazy\" role=\"img\" aria-label=\"8\" data-background=\"https:\/\/bimko.com\/wp-content\/uploads\/2023\/08\/8-1.jpg\">\n\n\t\t\t\t\t\t\t<div class=\"swiper-lazy-preloader\"><\/div>\n\t\t\t\n\t\t\t\t\t<\/div>\n\t\t\t\t\t\t\t\t<\/div>\n\t\t\t\t\t\t\t\t\t\t\t<div class=\"swiper-slide\">\n\t\t\t\t\t\t\t\t\t<div class=\"elementor-carousel-image swiper-lazy\" role=\"img\" aria-label=\"9\" data-background=\"https:\/\/bimko.com\/wp-content\/uploads\/2023\/08\/9-1.jpg\">\n\n\t\t\t\t\t\t\t<div class=\"swiper-lazy-preloader\"><\/div>\n\t\t\t\n\t\t\t\t\t<\/div>\n\t\t\t\t\t\t\t\t<\/div>\n\t\t\t\t\t\t\t\t\t<\/div>\n\t\t\t\t\t\t\t\t\t\t\t\t\t\t\t\t\t\t\t\t<div class=\"elementor-swiper-button elementor-swiper-button-prev\" role=\"button\" tabindex=\"0\">\n\t\t\t\t\t\t\t<i aria-hidden=\"true\" class=\"eicon-chevron-left\"><\/i>\t\t\t\t\t\t\t<span class=\"elementor-screen-only\" data-no-translation=\"\" data-trp-gettext=\"\">Previous<\/span>\n\t\t\t\t\t\t<\/div>\n\t\t\t\t\t\t<div class=\"elementor-swiper-button elementor-swiper-button-next\" role=\"button\" tabindex=\"0\">\n\t\t\t\t\t\t\t<i aria-hidden=\"true\" class=\"eicon-chevron-right\"><\/i>\t\t\t\t\t\t\t<span class=\"elementor-screen-only\" data-no-translation=\"\" data-trp-gettext=\"\">Next<\/span>\n\t\t\t\t\t\t<\/div>\n\t\t\t\t\t\t\t\t\t\t\t\t<\/div>\n\t\t<\/div>\n\t\t\t\t<div class=\"elementor-swiper\">\n\t\t\t<div class=\"elementor-thumbnails-swiper swiper\">\n\t\t\t\t<div class=\"swiper-wrapper\">\n\t\t\t\t\t\t\t\t\t\t\t<div class=\"swiper-slide\">\n\t\t\t\t\t\t\t\t\t<div class=\"elementor-carousel-image swiper-lazy\" role=\"img\" aria-label=\"1\" data-background=\"https:\/\/bimko.com\/wp-content\/uploads\/2023\/08\/1-1.jpg\">\n\n\t\t\t\t\t\t\t<div class=\"swiper-lazy-preloader\"><\/div>\n\t\t\t\n\t\t\t\t\t<\/div>\n\t\t\t\t\t\t\t\t<\/div>\n\t\t\t\t\t\t\t\t\t\t\t<div class=\"swiper-slide\">\n\t\t\t\t\t\t\t\t\t<div class=\"elementor-carousel-image swiper-lazy\" role=\"img\" aria-label=\"2\" data-background=\"https:\/\/bimko.com\/wp-content\/uploads\/2023\/08\/2-1.jpg\">\n\n\t\t\t\t\t\t\t<div class=\"swiper-lazy-preloader\"><\/div>\n\t\t\t\n\t\t\t\t\t<\/div>\n\t\t\t\t\t\t\t\t<\/div>\n\t\t\t\t\t\t\t\t\t\t\t<div class=\"swiper-slide\">\n\t\t\t\t\t\t\t\t\t<div class=\"elementor-carousel-image swiper-lazy\" role=\"img\" aria-label=\"3\" data-background=\"https:\/\/bimko.com\/wp-content\/uploads\/2023\/08\/3-1.jpg\">\n\n\t\t\t\t\t\t\t<div class=\"swiper-lazy-preloader\"><\/div>\n\t\t\t\n\t\t\t\t\t<\/div>\n\t\t\t\t\t\t\t\t<\/div>\n\t\t\t\t\t\t\t\t\t\t\t<div class=\"swiper-slide\">\n\t\t\t\t\t\t\t\t\t<div class=\"elementor-carousel-image swiper-lazy\" role=\"img\" aria-label=\"6\" data-background=\"https:\/\/bimko.com\/wp-content\/uploads\/2023\/08\/6-1.jpg\">\n\n\t\t\t\t\t\t\t<div class=\"swiper-lazy-preloader\"><\/div>\n\t\t\t\n\t\t\t\t\t<\/div>\n\t\t\t\t\t\t\t\t<\/div>\n\t\t\t\t\t\t\t\t\t\t\t<div class=\"swiper-slide\">\n\t\t\t\t\t\t\t\t\t<div class=\"elementor-carousel-image swiper-lazy\" role=\"img\" aria-label=\"7\" data-background=\"https:\/\/bimko.com\/wp-content\/uploads\/2023\/08\/7-1.jpg\">\n\n\t\t\t\t\t\t\t<div class=\"swiper-lazy-preloader\"><\/div>\n\t\t\t\n\t\t\t\t\t<\/div>\n\t\t\t\t\t\t\t\t<\/div>\n\t\t\t\t\t\t\t\t\t\t\t<div class=\"swiper-slide\">\n\t\t\t\t\t\t\t\t\t<div class=\"elementor-carousel-image swiper-lazy\" role=\"img\" aria-label=\"8\" data-background=\"https:\/\/bimko.com\/wp-content\/uploads\/2023\/08\/8-1.jpg\">\n\n\t\t\t\t\t\t\t<div class=\"swiper-lazy-preloader\"><\/div>\n\t\t\t\n\t\t\t\t\t<\/div>\n\t\t\t\t\t\t\t\t<\/div>\n\t\t\t\t\t\t\t\t\t\t\t<div class=\"swiper-slide\">\n\t\t\t\t\t\t\t\t\t<div class=\"elementor-carousel-image swiper-lazy\" role=\"img\" aria-label=\"9\" data-background=\"https:\/\/bimko.com\/wp-content\/uploads\/2023\/08\/9-1.jpg\">\n\n\t\t\t\t\t\t\t<div class=\"swiper-lazy-preloader\"><\/div>\n\t\t\t\n\t\t\t\t\t<\/div>\n\t\t\t\t\t\t\t\t<\/div>\n\t\t\t\t\t\t\t\t\t<\/div>\n\t\t\t\t\t\t\t\t\t\t\t\t\t\t\t\t\t\t\t\t\t<\/div>\n\t\t<\/div>\n\t\t\t\t\t\t<\/div>\n\t\t\t\t<\/div>\n\t\t\t\t<div class=\"elementor-element elementor-element-fd5e950 sc_fly_static elementor-widget elementor-widget-spacer\" data-id=\"fd5e950\" data-element_type=\"widget\" data-widget_type=\"spacer.default\">\n\t\t\t\t<div class=\"elementor-widget-container\">\n\t\t\t\t\t\t\t<div class=\"elementor-spacer\">\n\t\t\t<div class=\"elementor-spacer-inner\"><\/div>\n\t\t<\/div>\n\t\t\t\t\t\t<\/div>\n\t\t\t\t<\/div>\n\t\t\t\t<div class=\"elementor-element elementor-element-c2e435f sc_fly_static elementor-widget elementor-widget-spacer\" data-id=\"c2e435f\" data-element_type=\"widget\" data-widget_type=\"spacer.default\">\n\t\t\t\t<div class=\"elementor-widget-container\">\n\t\t\t\t\t\t\t<div class=\"elementor-spacer\">\n\t\t\t<div class=\"elementor-spacer-inner\"><\/div>\n\t\t<\/div>\n\t\t\t\t\t\t<\/div>\n\t\t\t\t<\/div>\n\t\t\t\t<section data-particle_enable=\"false\" data-particle-mobile-disabled=\"false\" class=\"elementor-section elementor-inner-section elementor-element elementor-element-7a1cb74d elementor-section-boxed elementor-section-height-default elementor-section-height-default sc_fly_static\" data-id=\"7a1cb74d\" data-element_type=\"section\" data-settings=\"{&quot;tmea_shape_divider_top&quot;:&quot;none&quot;,&quot;tmea_shape_divider_bottom&quot;:&quot;none&quot;}\">\n\t\t\t\t\t\t<div class=\"elementor-container elementor-column-gap-extended\">\n\t\t\t\t\t<div class=\"elementor-column elementor-col-50 elementor-inner-column elementor-element elementor-element-3ac83ffb sc_inner_width_none sc_content_align_inherit sc_layouts_column_icons_position_left sc_fly_static\" data-id=\"3ac83ffb\" data-element_type=\"column\">\n\t\t\t<div class=\"elementor-widget-wrap elementor-element-populated\">\n\t\t\t\t\t\t<div class=\"elementor-element elementor-element-61114334 elementor-view-default elementor-position-top elementor-mobile-position-top sc_fly_static elementor-widget elementor-widget-icon-box\" data-id=\"61114334\" data-element_type=\"widget\" data-widget_type=\"icon-box.default\">\n\t\t\t\t<div class=\"elementor-widget-container\">\n\t\t\t\t\t\t\t<div class=\"elementor-icon-box-wrapper\">\n\n\t\t\t\t\t\t<div class=\"elementor-icon-box-icon\">\n\t\t\t\t<span  class=\"elementor-icon elementor-animation-grow\">\n\t\t\t\t<svg xmlns=\"http:\/\/www.w3.org\/2000\/svg\" id=\"Outline\" viewbox=\"0 0 512 512\" width=\"512\" height=\"512\"><g id=\"Air-filter\"><path d=\"M112,80V448a16.019,16.019,0,0,0,16,16H384a16.019,16.019,0,0,0,16-16V168a8,8,0,0,0-2.343-5.657l-96-96A8,8,0,0,0,296,64H128A16.019,16.019,0,0,0,112,80Zm136,0v32H128V80Zm124.687,80H264V128h76.687ZM248,160H128V128H248Zm0,16v32H128V176Zm0,48v32H128V224Zm0,48v32H128V272Zm0,48v32H128V320Zm0,48v32H128V368Zm16,0H384.007v32H264Zm0-16V320H384.005v32Zm0-48V272H384l0,32Zm0-48V224H384v32Zm0-48V176H384v32ZM128,416H248v32H128Zm256,32H264V416H384.009v32ZM324.687,112H264V80h28.687Z\"><\/path><path d=\"M456,240a24.028,24.028,0,0,0,24-24V184a24.028,24.028,0,0,0-24-24H432v-8a8,8,0,0,0-2.343-5.657l-128-128A8,8,0,0,0,296,16H120A40.045,40.045,0,0,0,80,56V160H56a24.028,24.028,0,0,0-24,24v32a24.028,24.028,0,0,0,24,24H80V384H56a24.028,24.028,0,0,0-24,24v32a24.028,24.028,0,0,0,24,24H80.805A40.068,40.068,0,0,0,120,496H392A40.068,40.068,0,0,0,431.2,464H456a24.028,24.028,0,0,0,24-24V408a24.028,24.028,0,0,0-24-24H432V240ZM56,224a8.009,8.009,0,0,1-8-8V184a8.009,8.009,0,0,1,8-8H80v16H64v16H80v16ZM48,440V408a8.009,8.009,0,0,1,8-8H80v16H64v16H80v16H56A8.009,8.009,0,0,1,48,440Zm368,16a24.028,24.028,0,0,1-24,24H120a24.028,24.028,0,0,1-24-24V56a24.028,24.028,0,0,1,24-24H292.687L416,155.313Zm40-280a8.009,8.009,0,0,1,8,8v32a8.009,8.009,0,0,1-8,8H432V208h16V192H432V176Zm0,224a8.009,8.009,0,0,1,8,8v32a8.009,8.009,0,0,1-8,8H432V432h16V416H432V400Z\"><\/path><\/g><\/svg>\t\t\t\t<\/span>\n\t\t\t<\/div>\n\t\t\t\n\t\t\t\t\t\t<div class=\"elementor-icon-box-content\">\n\n\t\t\t\t\t\t\t\t\t<h3 class=\"elementor-icon-box-title\">\n\t\t\t\t\t\t<span  >\n\t\t\t\t\t\t\tAspirator and Cooker Hood Filters\t\t\t\t\t\t<\/span>\n\t\t\t\t\t<\/h3>\n\t\t\t\t\n\t\t\t\t\n\t\t\t<\/div>\n\t\t\t\n\t\t<\/div>\n\t\t\t\t\t\t<\/div>\n\t\t\t\t<\/div>\n\t\t\t\t\t<\/div>\n\t\t<\/div>\n\t\t\t\t<div class=\"elementor-column elementor-col-50 elementor-inner-column elementor-element elementor-element-3684481b sc_inner_width_none sc_content_align_inherit sc_layouts_column_icons_position_left sc_fly_static\" data-id=\"3684481b\" data-element_type=\"column\">\n\t\t\t<div class=\"elementor-widget-wrap elementor-element-populated\">\n\t\t\t\t\t\t<div class=\"elementor-element elementor-element-49d4e3c elementor-view-default elementor-position-top elementor-mobile-position-top sc_fly_static elementor-widget elementor-widget-icon-box\" data-id=\"49d4e3c\" data-element_type=\"widget\" data-widget_type=\"icon-box.default\">\n\t\t\t\t<div class=\"elementor-widget-container\">\n\t\t\t\t\t\t\t<div class=\"elementor-icon-box-wrapper\">\n\n\t\t\t\t\t\t<div class=\"elementor-icon-box-icon\">\n\t\t\t\t<span  class=\"elementor-icon elementor-animation-grow\">\n\t\t\t\t<svg xmlns=\"http:\/\/www.w3.org\/2000\/svg\" id=\"Capa_1\" height=\"512\" viewbox=\"0 0 512 512\" width=\"512\"><g><g><circle cx=\"11.831\" cy=\"62.049\" r=\"8.081\"><\/circle><circle cx=\"27.994\" cy=\"126.699\" r=\"8.081\"><\/circle><circle cx=\"74.461\" cy=\"94.374\" r=\"8.081\"><\/circle><circle cx=\"58.299\" cy=\"159.024\" r=\"8.081\"><\/circle><circle cx=\"27.994\" cy=\"256\" r=\"8.081\"><\/circle><circle cx=\"11.831\" cy=\"191.35\" r=\"8.081\"><\/circle><circle cx=\"74.461\" cy=\"223.675\" r=\"8.081\"><\/circle><circle cx=\"11.831\" cy=\"449.951\" r=\"8.081\"><\/circle><circle cx=\"27.994\" cy=\"385.301\" r=\"8.081\"><\/circle><circle cx=\"74.461\" cy=\"417.626\" r=\"8.081\"><\/circle><circle cx=\"58.299\" cy=\"352.976\" r=\"8.081\"><\/circle><circle cx=\"11.831\" cy=\"320.65\" r=\"8.081\"><\/circle><circle cx=\"74.461\" cy=\"288.325\" r=\"8.081\"><\/circle><path d=\"m139.111 231.175h96.976c4.143 0 7.5-3.358 7.5-7.5v-183.85c0-4.142-3.357-7.5-7.5-7.5h-96.976c-4.143 0-7.5 3.358-7.5 7.5v183.85c0 4.142 3.358 7.5 7.5 7.5zm39.825-15v-168.85h17.325v168.85zm49.651 0h-17.325v-168.85h17.325zm-81.976-168.85h17.325v168.85h-17.325z\"><\/path><path d=\"m131.611 472.175c0 4.142 3.357 7.5 7.5 7.5h96.976c4.143 0 7.5-3.358 7.5-7.5v-183.85c0-4.142-3.357-7.5-7.5-7.5h-96.976c-4.143 0-7.5 3.358-7.5 7.5zm47.325-7.5v-168.85h17.325v168.85zm49.651 0h-17.325v-168.85h17.325zm-81.976-168.85h17.325v168.85h-17.325z\"><\/path><path d=\"m485.85 151.196c-2.93-2.929-7.678-2.929-10.607 0s-2.929 7.678 0 10.606l7.4 7.4h-2.096c-3.391 0-4.667-.896-7.21-2.68-3.248-2.279-7.697-5.401-15.824-5.401s-12.576 3.122-15.824 5.401c-2.543 1.785-3.819 2.68-7.21 2.68-3.389 0-4.665-.896-7.207-2.68-3.248-2.28-7.697-5.401-15.823-5.401-2.376 0-4.429.272-6.238.706v-73.604c1.955-1.334 3.308-2.007 6.238-2.007 3.388 0 4.664.896 7.206 2.68 3.248 2.28 7.697 5.402 15.824 5.402 8.128 0 12.577-3.122 15.825-5.401 2.543-1.785 3.819-2.68 7.209-2.68s4.666.896 7.209 2.68c3.248 2.279 7.697 5.401 15.825 5.401h2.096l-7.4 7.4c-2.929 2.929-2.929 7.678 0 10.606 1.465 1.464 3.385 2.197 5.304 2.197s3.839-.732 5.304-2.197l20.203-20.203c2.929-2.929 2.929-7.678 0-10.606l-20.204-20.203c-2.93-2.929-7.678-2.929-10.607 0s-2.929 7.678 0 10.606l7.4 7.4h-2.096c-3.39 0-4.667-.896-7.21-2.68-3.248-2.279-7.697-5.401-15.824-5.401s-12.576 3.122-15.824 5.401c-2.543 1.785-3.82 2.68-7.21 2.68-3.389 0-4.665-.896-7.207-2.68-3.248-2.28-7.697-5.402-15.823-5.402-2.375 0-4.429.272-6.238.706v-44.222c0-15.274-12.427-27.7-27.7-27.7h-250.521c-15.273 0-27.7 12.426-27.7 27.7v336.06c0 4.142 3.357 7.5 7.5 7.5s7.5-3.358 7.5-7.5v-336.06c0-7.003 5.697-12.7 12.7-12.7h250.52c7.003 0 12.7 5.697 12.7 12.7v51.48c-.536.072-1.114.118-1.792.118-3.388 0-4.664-.896-7.206-2.68-2.071-1.453-4.635-3.246-8.323-4.357v-32.436c0-4.142-3.357-7.5-7.5-7.5h-96.976c-4.143 0-7.5 3.358-7.5 7.5v183.85c0 4.142 3.357 7.5 7.5 7.5h96.976c4.143 0 7.5-3.358 7.5-7.5v-44.668c3.223 2.257 7.642 5.196 15.529 5.196.621 0 1.213-.024 1.792-.058v28.776c0 4.142 3.357 7.5 7.5 7.5s7.5-3.358 7.5-7.5v-34.792c1.955-1.334 3.308-2.007 6.238-2.007 3.388 0 4.664.896 7.206 2.68 3.248 2.279 7.697 5.401 15.824 5.401 8.128 0 12.577-3.122 15.825-5.401 2.543-1.784 3.819-2.68 7.209-2.68s4.666.896 7.209 2.68c3.248 2.28 7.697 5.401 15.825 5.401h2.096l-7.4 7.4c-2.929 2.929-2.929 7.678 0 10.606 1.465 1.464 3.385 2.197 5.304 2.197s3.839-.732 5.304-2.197l20.203-20.203c2.929-2.929 2.929-7.678 0-10.606zm-160.287-103.871v168.85h-17.325v-168.85zm-49.65 0h17.325v168.85h-17.325zm81.976 168.85h-17.325v-168.85h17.325zm30.529-46.973c-3.388 0-4.664-.896-7.206-2.68-2.071-1.453-4.635-3.246-8.323-4.356v-73.064c3.223 2.257 7.642 5.196 15.529 5.196.621 0 1.213-.024 1.792-.059v74.845c-.536.072-1.114.118-1.792.118z\"><\/path><path d=\"m475.243 360.804c1.465 1.464 3.385 2.197 5.304 2.197s3.839-.732 5.304-2.197l20.203-20.203c2.929-2.929 2.929-7.678 0-10.606l-20.203-20.203c-2.93-2.929-7.678-2.929-10.607 0s-2.929 7.678 0 10.606l7.4 7.4h-2.096c-3.39 0-4.667-.896-7.21-2.68-3.248-2.279-7.697-5.401-15.824-5.401s-12.576 3.122-15.824 5.401c-2.543 1.785-3.82 2.68-7.21 2.68-3.389 0-4.665-.896-7.207-2.68-3.248-2.28-7.697-5.402-15.823-5.402-2.375 0-4.429.272-6.238.706v-72.502c0-4.142-3.357-7.5-7.5-7.5s-7.5 3.358-7.5 7.5v79.76c-.536.072-1.114.118-1.792.118-3.388 0-4.664-.896-7.206-2.68-2.071-1.453-4.635-3.246-8.323-4.357v-32.436c0-4.142-3.357-7.5-7.5-7.5h-96.976c-4.143 0-7.5 3.358-7.5 7.5v183.85c0 4.142 3.357 7.5 7.5 7.5h96.976c4.143 0 7.5-3.358 7.5-7.5v-44.668c3.223 2.257 7.642 5.196 15.529 5.196.621 0 1.213-.024 1.792-.058v51.655c0 7.003-5.697 12.7-12.7 12.7h-250.522c-7.003 0-12.7-5.697-12.7-12.7v-85.54c0-4.142-3.357-7.5-7.5-7.5s-7.5 3.358-7.5 7.5v85.54c0 15.274 12.426 27.7 27.7 27.7h250.52c15.274 0 27.7-12.426 27.7-27.7v-57.672c1.955-1.334 3.308-2.007 6.238-2.007 3.388 0 4.664.896 7.206 2.68 3.248 2.279 7.697 5.401 15.824 5.401 8.128 0 12.577-3.122 15.825-5.401 2.543-1.784 3.819-2.68 7.209-2.68s4.666.896 7.209 2.68c3.248 2.28 7.697 5.401 15.825 5.401h2.096l-7.4 7.4c-2.929 2.929-2.929 7.678 0 10.606 1.465 1.464 3.385 2.197 5.304 2.197s3.839-.732 5.304-2.197l20.203-20.203c2.929-2.929 2.929-7.678 0-10.606l-20.203-20.203c-2.93-2.929-7.678-2.929-10.607 0s-2.929 7.678 0 10.606l7.4 7.4h-2.096c-3.391 0-4.667-.896-7.21-2.68-3.248-2.279-7.697-5.401-15.824-5.401s-12.576 3.122-15.824 5.401c-2.543 1.785-3.819 2.68-7.21 2.68-3.389 0-4.665-.896-7.207-2.68-3.248-2.28-7.697-5.401-15.823-5.401-2.376 0-4.429.272-6.238.706v-73.604c1.955-1.334 3.308-2.007 6.238-2.007 3.388 0 4.664.896 7.206 2.68 3.248 2.28 7.697 5.402 15.824 5.402 8.128 0 12.577-3.122 15.825-5.401 2.543-1.785 3.819-2.68 7.209-2.68s4.666.896 7.209 2.68c3.248 2.279 7.697 5.401 15.825 5.401h2.096l-7.4 7.4c-2.929 2.928-2.929 7.677 0 10.606zm-149.68-64.979v168.85h-17.325v-168.85zm-49.65 0h17.325v168.85h-17.325zm81.976 168.85h-17.325v-168.85h17.325zm30.529-46.973c-3.388 0-4.664-.896-7.206-2.68-2.071-1.453-4.635-3.246-8.323-4.356v-73.064c3.223 2.257 7.642 5.196 15.529 5.196.621 0 1.213-.024 1.792-.059v74.845c-.536.072-1.114.118-1.792.118z\"><\/path><\/g><\/g><\/svg>\t\t\t\t<\/span>\n\t\t\t<\/div>\n\t\t\t\n\t\t\t\t\t\t<div class=\"elementor-icon-box-content\">\n\n\t\t\t\t\t\t\t\t\t<h3 class=\"elementor-icon-box-title\">\n\t\t\t\t\t\t<span  >\n\t\t\t\t\t\t\tRefrigerator Odor Filters\t\t\t\t\t\t<\/span>\n\t\t\t\t\t<\/h3>\n\t\t\t\t\n\t\t\t\t\n\t\t\t<\/div>\n\t\t\t\n\t\t<\/div>\n\t\t\t\t\t\t<\/div>\n\t\t\t\t<\/div>\n\t\t\t\t\t<\/div>\n\t\t<\/div>\n\t\t\t\t\t<\/div>\n\t\t<\/section>\n\t\t\t\t<section data-particle_enable=\"false\" data-particle-mobile-disabled=\"false\" class=\"elementor-section elementor-inner-section elementor-element elementor-element-326a3432 elementor-section-boxed elementor-section-height-default elementor-section-height-default sc_fly_static\" data-id=\"326a3432\" data-element_type=\"section\" data-settings=\"{&quot;tmea_shape_divider_top&quot;:&quot;none&quot;,&quot;tmea_shape_divider_bottom&quot;:&quot;none&quot;}\">\n\t\t\t\t\t\t<div class=\"elementor-container elementor-column-gap-extended\">\n\t\t\t\t\t<div class=\"elementor-column elementor-col-50 elementor-inner-column elementor-element elementor-element-3dbfc220 sc_inner_width_none sc_content_align_inherit sc_layouts_column_icons_position_left sc_fly_static\" data-id=\"3dbfc220\" data-element_type=\"column\">\n\t\t\t<div class=\"elementor-widget-wrap elementor-element-populated\">\n\t\t\t\t\t\t<div class=\"elementor-element elementor-element-17636b2d elementor-view-default elementor-position-top elementor-mobile-position-top sc_fly_static elementor-widget elementor-widget-icon-box\" data-id=\"17636b2d\" data-element_type=\"widget\" data-widget_type=\"icon-box.default\">\n\t\t\t\t<div class=\"elementor-widget-container\">\n\t\t\t\t\t\t\t<div class=\"elementor-icon-box-wrapper\">\n\n\t\t\t\t\t\t<div class=\"elementor-icon-box-icon\">\n\t\t\t\t<span  class=\"elementor-icon elementor-animation-grow\">\n\t\t\t\t<svg xmlns=\"http:\/\/www.w3.org\/2000\/svg\" xmlns:xlink=\"http:\/\/www.w3.org\/1999\/xlink\" id=\"Capa_1\" x=\"0px\" y=\"0px\" viewbox=\"0 0 480 480\" style=\"enable-background:new 0 0 480 480;\" xml:space=\"preserve\"><g>\t<g>\t\t<path d=\"M408,0H72C49.945,0,32,17.945,32,40v400c0,22.055,17.945,40,40,40h336c22.055,0,40-17.945,40-40V40   C448,17.945,430.055,0,408,0z M432,440c0,13.234-10.766,24-24,24H72c-13.234,0-24-10.766-24-24V40c0-13.234,10.766-24,24-24h336   c13.234,0,24,10.766,24,24V440z\"><\/path>\t<\/g><\/g><g>\t<g>\t\t<path d=\"M408,40H72c-4.418,0-8,3.582-8,8v384c0,4.418,3.582,8,8,8h336c4.418,0,8-3.582,8-8V48C416,43.582,412.418,40,408,40z    M232,424H80v-16h152V424z M232,392H80v-16h152V392z M232,360H80v-16h152V360z M232,328H80v-16h152V328z M232,296H80v-16h152V296z    M232,264H80v-16h152V264z M232,232H80v-16h152V232z M232,200H80v-16h152V200z M232,168H80v-16h152V168z M232,136H80v-16h152V136z    M232,104H80V88h152V104z M232,72H80V56h152V72z M400,424H248v-16h152V424z M400,392H248v-16h152V392z M400,360H248v-16h152V360z    M400,328H248v-16h152V328z M400,296H248v-16h152V296z M400,264H248v-16h152V264z M400,232H248v-16h152V232z M400,200H248v-16h152   V200z M400,168H248v-16h152V168z M400,136H248v-16h152V136z M400,104H248V88h152V104z M400,72H248V56h152V72z\"><\/path>\t<\/g><\/g><g><\/g><g><\/g><g><\/g><g><\/g><g><\/g><g><\/g><g><\/g><g><\/g><g><\/g><g><\/g><g><\/g><g><\/g><g><\/g><g><\/g><g><\/g><\/svg>\t\t\t\t<\/span>\n\t\t\t<\/div>\n\t\t\t\n\t\t\t\t\t\t<div class=\"elementor-icon-box-content\">\n\n\t\t\t\t\t\t\t\t\t<h3 class=\"elementor-icon-box-title\">\n\t\t\t\t\t\t<span  >\n\t\t\t\t\t\t\tDryer Filters\t\t\t\t\t\t<\/span>\n\t\t\t\t\t<\/h3>\n\t\t\t\t\n\t\t\t\t\n\t\t\t<\/div>\n\t\t\t\n\t\t<\/div>\n\t\t\t\t\t\t<\/div>\n\t\t\t\t<\/div>\n\t\t\t\t\t<\/div>\n\t\t<\/div>\n\t\t\t\t<div class=\"elementor-column elementor-col-50 elementor-inner-column elementor-element elementor-element-580b6647 sc_inner_width_none sc_content_align_inherit sc_layouts_column_icons_position_left sc_fly_static\" data-id=\"580b6647\" data-element_type=\"column\">\n\t\t\t<div class=\"elementor-widget-wrap elementor-element-populated\">\n\t\t\t\t\t\t<div class=\"elementor-element elementor-element-f41774d elementor-view-default elementor-position-top elementor-mobile-position-top sc_fly_static elementor-widget elementor-widget-icon-box\" data-id=\"f41774d\" data-element_type=\"widget\" data-widget_type=\"icon-box.default\">\n\t\t\t\t<div class=\"elementor-widget-container\">\n\t\t\t\t\t\t\t<div class=\"elementor-icon-box-wrapper\">\n\n\t\t\t\t\t\t<div class=\"elementor-icon-box-icon\">\n\t\t\t\t<span  class=\"elementor-icon elementor-animation-grow\">\n\t\t\t\t<i aria-hidden=\"true\" class=\"fi fi-player-settings\"><\/i>\t\t\t\t<\/span>\n\t\t\t<\/div>\n\t\t\t\n\t\t\t\t\t\t<div class=\"elementor-icon-box-content\">\n\n\t\t\t\t\t\t\t\t\t<h3 class=\"elementor-icon-box-title\">\n\t\t\t\t\t\t<span  >\n\t\t\t\t\t\t\tHousehold Appliances Spare Parts\t\t\t\t\t\t<\/span>\n\t\t\t\t\t<\/h3>\n\t\t\t\t\n\t\t\t\t\n\t\t\t<\/div>\n\t\t\t\n\t\t<\/div>\n\t\t\t\t\t\t<\/div>\n\t\t\t\t<\/div>\n\t\t\t\t\t<\/div>\n\t\t<\/div>\n\t\t\t\t\t<\/div>\n\t\t<\/section>\n\t\t\t\t\t<\/div>\n\t\t<\/div>\n\t\t\t\t\t<\/div>\n\t\t<\/section>\n\t\t\t\t<\/div>","protected":false},"excerpt":{"rendered":"<p>Previous Next Aspirat\u00f6r ve Davlumbaz Karbon Filtreleri Buzdolab\u0131 Koku Filtreleri Kurutma Makinesi Filtreleri Beyaz E\u015fya&hellip;<\/p>","protected":false},"author":1,"featured_media":0,"parent":0,"menu_order":0,"comment_status":"closed","ping_status":"closed","template":"","meta":{"footnotes":""},"class_list":["post-24646","page","type-page","status-publish","hentry"],"_links":{"self":[{"href":"https:\/\/bimko.com\/en\/wp-json\/wp\/v2\/pages\/24646","targetHints":{"allow":["GET"]}}],"collection":[{"href":"https:\/\/bimko.com\/en\/wp-json\/wp\/v2\/pages"}],"about":[{"href":"https:\/\/bimko.com\/en\/wp-json\/wp\/v2\/types\/page"}],"author":[{"embeddable":true,"href":"https:\/\/bimko.com\/en\/wp-json\/wp\/v2\/users\/1"}],"replies":[{"embeddable":true,"href":"https:\/\/bimko.com\/en\/wp-json\/wp\/v2\/comments?post=24646"}],"version-history":[{"count":51,"href":"https:\/\/bimko.com\/en\/wp-json\/wp\/v2\/pages\/24646\/revisions"}],"predecessor-version":[{"id":25636,"href":"https:\/\/bimko.com\/en\/wp-json\/wp\/v2\/pages\/24646\/revisions\/25636"}],"wp:attachment":[{"href":"https:\/\/bimko.com\/en\/wp-json\/wp\/v2\/media?parent=24646"}],"curies":[{"name":"wp","href":"https:\/\/api.w.org\/{rel}","templated":true}]}}