{"id":20094,"date":"2022-11-18T13:52:41","date_gmt":"2022-11-18T10:52:41","guid":{"rendered":"https:\/\/bimko.com\/?page_id=20094"},"modified":"2024-12-18T02:59:46","modified_gmt":"2024-12-17T23:59:46","slug":"our-team","status":"publish","type":"page","link":"https:\/\/bimko.com\/en\/our-team\/","title":{"rendered":"Team"},"content":{"rendered":"<div data-elementor-type=\"wp-page\" data-elementor-id=\"20094\" class=\"elementor elementor-20094\" data-elementor-post-type=\"page\">\n\t\t\t\t\t\t<section data-particle_enable=\"false\" data-particle-mobile-disabled=\"false\" class=\"elementor-section elementor-top-section elementor-element elementor-element-f3b48b5 scheme_store_light elementor-section-boxed elementor-section-height-default elementor-section-height-default sc_fly_static\" data-id=\"f3b48b5\" data-element_type=\"section\" data-settings=\"{&quot;tmea_shape_divider_top&quot;:&quot;none&quot;,&quot;tmea_shape_divider_bottom&quot;:&quot;none&quot;}\">\n\t\t\t\t\t\t<div class=\"elementor-container elementor-column-gap-extended\">\n\t\t\t\t\t<div class=\"elementor-column elementor-col-100 elementor-top-column elementor-element elementor-element-4bf36128 scheme_light sc_inner_width_none sc_content_align_inherit sc_layouts_column_icons_position_left sc_fly_static\" data-id=\"4bf36128\" data-element_type=\"column\">\n\t\t\t<div class=\"elementor-widget-wrap elementor-element-populated\">\n\t\t\t\t\t\t<div class=\"elementor-element elementor-element-78443a9 sc_layouts_hide_on_tablet sc_layouts_hide_on_mobile sc_fly_static elementor-widget elementor-widget-spacer\" data-id=\"78443a9\" data-element_type=\"widget\" data-widget_type=\"spacer.default\">\n\t\t\t\t<div class=\"elementor-widget-container\">\n\t\t\t\t\t\t\t<div class=\"elementor-spacer\">\n\t\t\t<div class=\"elementor-spacer-inner\"><\/div>\n\t\t<\/div>\n\t\t\t\t\t\t<\/div>\n\t\t\t\t<\/div>\n\t\t\n\t\t<div class=\"elementor-element elementor-element-2028d0bb scheme_store_light sc_fly_static elementor-widget elementor-widget-trx_sc_team\" data-id=\"2028d0bb\" data-element_type=\"widget\" data-widget_type=\"trx_sc_team.default\">\n\t\t\t\t<div class=\"elementor-widget-container\">\n\t\t\t\t\t<div \t\tclass=\"sc_team scheme_store_light sc_team_default\"><div class=\"sc_team_columns_wrap sc_item_columns sc_item_posts_container trx_addons_columns_wrap columns_padding_bottom\"><div class=\"trx_addons_column-1_4 trx_addons_column-1_4-mobile\"><div data-post-id=\"1162\" class=\"sc_team_item sc_item_container post_container no_links post-1162 cpt_team type-cpt_team status-publish has-post-thumbnail hentry cpt_team_group-yonetim\">\r\n\t<div class=\"post_featured with_thumb hover_link sc_team_item_thumb\"><img loading=\"lazy\" decoding=\"async\" width=\"570\" height=\"696\" src=\"https:\/\/bimko.com\/wp-content\/uploads\/2020\/04\/M.Yasir-Bayram2-570x696.png\" class=\"attachment-soleil-thumb-rectangle size-soleil-thumb-rectangle wp-post-image\" alt=\"\" \/>\t\t\t\t\t\t<div class=\"mask\"><\/div>\r\n\t\t\t\t\t\t\t\t\t<a href=\"javascript:void(0)\"  aria-hidden=\"true\" class=\"link\"><\/a>\r\n\t\t\t<\/div>\t<div class=\"sc_team_item_info\">\r\n\t\t<div class=\"sc_team_item_header\">\r\n\t\t\t<h4 class=\"sc_team_item_title entry-title\">M.Yasir Bayram<\/h4>\r\n\t\t\t<div class=\"sc_team_item_subtitle\">General manager<\/div>\t\t<\/div>\r\n\t\t<div class=\"sc_team_item_socials socials_wrap\"><a target=\"_blank\" href=\"https:\/\/www.linkedin.com\/in\/yasir-bayram-bba23084\/\" class=\"social_item social_item_style_icons sc_icon_type_icons social_item_type_icons\"><span class=\"social_icon social_icon_linkedin\" style=\"\"><span class=\"icon-linkedin\"><\/span><\/span><\/a><\/div><\/div>\r\n<\/div><\/div><div class=\"trx_addons_column-1_4 trx_addons_column-1_4-mobile\"><div data-post-id=\"1163\" class=\"sc_team_item sc_item_container post_container no_links post-1163 cpt_team type-cpt_team status-publish has-post-thumbnail hentry cpt_team_group-yonetim\">\r\n\t<div class=\"post_featured with_thumb hover_link sc_team_item_thumb\"><img loading=\"lazy\" decoding=\"async\" width=\"570\" height=\"696\" src=\"https:\/\/bimko.com\/wp-content\/uploads\/2020\/04\/Adsiz-850-x-850-piksel-570x696.jpg\" class=\"attachment-soleil-thumb-rectangle size-soleil-thumb-rectangle wp-post-image\" alt=\"\" \/>\t\t\t\t\t\t<div class=\"mask\"><\/div>\r\n\t\t\t\t\t\t\t\t\t<a href=\"javascript:void(0)\"  aria-hidden=\"true\" class=\"link\"><\/a>\r\n\t\t\t<\/div>\t<div class=\"sc_team_item_info\">\r\n\t\t<div class=\"sc_team_item_header\">\r\n\t\t\t<h4 class=\"sc_team_item_title entry-title\">A.Cihad Bayram<\/h4>\r\n\t\t\t<div class=\"sc_team_item_subtitle\">Purchasing and Logistics Manager<\/div>\t\t<\/div>\r\n\t\t<div class=\"sc_team_item_socials socials_wrap\"><a target=\"_blank\" href=\"https:\/\/www.linkedin.com\/in\/cihad-bayram-8756b4183\/\" class=\"social_item social_item_style_icons sc_icon_type_icons social_item_type_icons\"><span class=\"social_icon social_icon_linkedin\" style=\"\"><span class=\"icon-linkedin\"><\/span><\/span><\/a><\/div><\/div>\r\n<\/div><\/div><div class=\"trx_addons_column-1_4 trx_addons_column-1_4-mobile\"><div data-post-id=\"1164\" class=\"sc_team_item sc_item_container post_container no_links post-1164 cpt_team type-cpt_team status-publish has-post-thumbnail hentry cpt_team_group-yonetim\">\r\n\t<div class=\"post_featured with_thumb hover_link sc_team_item_thumb\"><img loading=\"lazy\" decoding=\"async\" width=\"570\" height=\"696\" src=\"https:\/\/bimko.com\/wp-content\/uploads\/2020\/04\/Ekran-Resmi-2023-06-26-17.11.14-570x696.png\" class=\"attachment-soleil-thumb-rectangle size-soleil-thumb-rectangle wp-post-image\" alt=\"\" \/>\t\t\t\t\t\t<div class=\"mask\"><\/div>\r\n\t\t\t\t\t\t\t\t\t<a href=\"javascript:void(0)\"  aria-hidden=\"true\" class=\"link\"><\/a>\r\n\t\t\t<\/div>\t<div class=\"sc_team_item_info\">\r\n\t\t<div class=\"sc_team_item_header\">\r\n\t\t\t<h4 class=\"sc_team_item_title entry-title\">A.\u015eamil Bayram<\/h4>\r\n\t\t\t<div class=\"sc_team_item_subtitle\">Production manager<\/div>\t\t<\/div>\r\n\t\t<div class=\"sc_team_item_socials socials_wrap\"><a target=\"_blank\" href=\"https:\/\/www.linkedin.com\/in\/%C5%9Famil-bayram\/\" class=\"social_item social_item_style_icons sc_icon_type_icons social_item_type_icons\"><span class=\"social_icon social_icon_linkedin\" style=\"\"><span class=\"icon-linkedin\"><\/span><\/span><\/a><\/div><\/div>\r\n<\/div><\/div><div class=\"trx_addons_column-1_4 trx_addons_column-1_4-mobile\"><div data-post-id=\"18699\" class=\"sc_team_item sc_item_container post_container no_links post-18699 cpt_team type-cpt_team status-publish has-post-thumbnail hentry cpt_team_group-yonetim\">\r\n\t<div class=\"post_featured with_thumb hover_link sc_team_item_thumb\"><img loading=\"lazy\" decoding=\"async\" width=\"570\" height=\"696\" src=\"https:\/\/bimko.com\/wp-content\/uploads\/2022\/11\/Ekran-Resmi-2023-06-26-17.16.04-570x696.png\" class=\"attachment-soleil-thumb-rectangle size-soleil-thumb-rectangle wp-post-image\" alt=\"\" \/>\t\t\t\t\t\t<div class=\"mask\"><\/div>\r\n\t\t\t\t\t\t\t\t\t<a href=\"javascript:void(0)\"  aria-hidden=\"true\" class=\"link\"><\/a>\r\n\t\t\t<\/div>\t<div class=\"sc_team_item_info\">\r\n\t\t<div class=\"sc_team_item_header\">\r\n\t\t\t<h4 class=\"sc_team_item_title entry-title\">\u0130.Enes Bayram<\/h4>\r\n\t\t\t<div class=\"sc_team_item_subtitle\">R&amp;D and Design Manager<\/div>\t\t<\/div>\r\n\t\t<div class=\"sc_team_item_socials socials_wrap\"><a target=\"_blank\" href=\"https:\/\/www.linkedin.com\/in\/enes-bayram-93a5a4207\/\" class=\"social_item social_item_style_icons sc_icon_type_icons social_item_type_icons\"><span class=\"social_icon social_icon_linkedin\" style=\"\"><span class=\"icon-linkedin\"><\/span><\/span><\/a><\/div><\/div>\r\n<\/div><\/div><div class=\"trx_addons_column-1_4 trx_addons_column-1_4-mobile\"><div data-post-id=\"24378\" class=\"sc_team_item sc_item_container post_container no_links post-24378 cpt_team type-cpt_team status-publish has-post-thumbnail hentry cpt_team_group-uretim\">\r\n\t<div class=\"post_featured with_thumb hover_link sc_team_item_thumb\"><img loading=\"lazy\" decoding=\"async\" width=\"570\" height=\"696\" src=\"https:\/\/bimko.com\/wp-content\/uploads\/2023\/06\/A.Enes-Berber-570x696.jpg\" class=\"attachment-soleil-thumb-rectangle size-soleil-thumb-rectangle wp-post-image\" alt=\"\" srcset=\"https:\/\/bimko.com\/wp-content\/uploads\/2023\/06\/A.Enes-Berber-570x696.jpg 570w, https:\/\/bimko.com\/wp-content\/uploads\/2023\/06\/A.Enes-Berber-9x12.jpg 9w\" sizes=\"auto, (max-width: 600px) 100vw, 570px\" \/>\t\t\t\t\t\t<div class=\"mask\"><\/div>\r\n\t\t\t\t\t\t\t\t\t<a href=\"javascript:void(0)\"  aria-hidden=\"true\" class=\"link\"><\/a>\r\n\t\t\t<\/div>\t<div class=\"sc_team_item_info\">\r\n\t\t<div class=\"sc_team_item_header\">\r\n\t\t\t<h4 class=\"sc_team_item_title entry-title\">A.Enes Berber<\/h4>\r\n\t\t\t<div class=\"sc_team_item_subtitle\">Molding Manager<\/div>\t\t<\/div>\r\n\t\t<div class=\"sc_team_item_socials socials_wrap\"><a target=\"_blank\" href=\"https:\/\/www.linkedin.com\/in\/abdullah-enes-berber-102964282\/\" class=\"social_item social_item_style_icons sc_icon_type_icons social_item_type_icons\"><span class=\"social_icon social_icon_linkedin\" style=\"\"><span class=\"icon-linkedin\"><\/span><\/span><\/a><\/div><\/div>\r\n<\/div><\/div><div class=\"trx_addons_column-1_4 trx_addons_column-1_4-mobile\"><div data-post-id=\"24386\" class=\"sc_team_item sc_item_container post_container no_links post-24386 cpt_team type-cpt_team status-publish has-post-thumbnail hentry cpt_team_group-uretim\">\r\n\t<div class=\"post_featured with_thumb hover_link sc_team_item_thumb\"><img loading=\"lazy\" decoding=\"async\" width=\"570\" height=\"696\" src=\"https:\/\/bimko.com\/wp-content\/uploads\/2023\/06\/Adsiz-tasarim-70-570x696.jpg\" class=\"attachment-soleil-thumb-rectangle size-soleil-thumb-rectangle wp-post-image\" alt=\"\" srcset=\"https:\/\/bimko.com\/wp-content\/uploads\/2023\/06\/Adsiz-tasarim-70-570x696.jpg 570w, https:\/\/bimko.com\/wp-content\/uploads\/2023\/06\/Adsiz-tasarim-70-10x12.jpg 10w\" sizes=\"auto, (max-width: 600px) 100vw, 570px\" \/>\t\t\t\t\t\t<div class=\"mask\"><\/div>\r\n\t\t\t\t\t\t\t\t\t<a href=\"javascript:void(0)\"  aria-hidden=\"true\" class=\"link\"><\/a>\r\n\t\t\t<\/div>\t<div class=\"sc_team_item_info\">\r\n\t\t<div class=\"sc_team_item_header\">\r\n\t\t\t<h4 class=\"sc_team_item_title entry-title\">Kerem Demirci<\/h4>\r\n\t\t\t<div class=\"sc_team_item_subtitle\">Operasyon ve Bilgi Sistemleri Y\u00f6neticisi<\/div>\t\t<\/div>\r\n\t\t<div class=\"sc_team_item_socials socials_wrap\"><a target=\"_blank\" href=\"https:\/\/www.linkedin.com\/in\/kerem-demirci-\/\" class=\"social_item social_item_style_icons sc_icon_type_icons social_item_type_icons\"><span class=\"social_icon social_icon_linkedin\" style=\"\"><span class=\"icon-linkedin\"><\/span><\/span><\/a><\/div><\/div>\r\n<\/div><\/div><div class=\"trx_addons_column-1_4 trx_addons_column-1_4-mobile\"><div data-post-id=\"24389\" class=\"sc_team_item sc_item_container post_container no_links post-24389 cpt_team type-cpt_team status-publish has-post-thumbnail hentry cpt_team_group-uretim\">\r\n\t<div class=\"post_featured with_thumb hover_link sc_team_item_thumb\"><img loading=\"lazy\" decoding=\"async\" width=\"570\" height=\"696\" src=\"https:\/\/bimko.com\/wp-content\/uploads\/2023\/06\/Adsiz-tasarim-73-570x696.jpg\" class=\"attachment-soleil-thumb-rectangle size-soleil-thumb-rectangle wp-post-image\" alt=\"\" \/>\t\t\t\t\t\t<div class=\"mask\"><\/div>\r\n\t\t\t\t\t\t\t\t\t<a href=\"javascript:void(0)\"  aria-hidden=\"true\" class=\"link\"><\/a>\r\n\t\t\t<\/div>\t<div class=\"sc_team_item_info\">\r\n\t\t<div class=\"sc_team_item_header\">\r\n\t\t\t<h4 class=\"sc_team_item_title entry-title\">A.G\u00f6khan Aydo\u011fdu<\/h4>\r\n\t\t\t<div class=\"sc_team_item_subtitle\">Plastik Enjeksiyon Sorumlusu<\/div>\t\t<\/div>\r\n\t\t<div class=\"sc_team_item_socials socials_wrap\"><\/div><\/div>\r\n<\/div><\/div><div class=\"trx_addons_column-1_4 trx_addons_column-1_4-mobile\"><div data-post-id=\"24393\" class=\"sc_team_item sc_item_container post_container no_links post-24393 cpt_team type-cpt_team status-publish has-post-thumbnail hentry cpt_team_group-uretim\">\r\n\t<div class=\"post_featured with_thumb hover_link sc_team_item_thumb\"><img loading=\"lazy\" decoding=\"async\" width=\"570\" height=\"696\" src=\"https:\/\/bimko.com\/wp-content\/uploads\/2023\/06\/Adsiz-tasarim-74-570x696.jpg\" class=\"attachment-soleil-thumb-rectangle size-soleil-thumb-rectangle wp-post-image\" alt=\"\" \/>\t\t\t\t\t\t<div class=\"mask\"><\/div>\r\n\t\t\t\t\t\t\t\t\t<a href=\"javascript:void(0)\"  aria-hidden=\"true\" class=\"link\"><\/a>\r\n\t\t\t<\/div>\t<div class=\"sc_team_item_info\">\r\n\t\t<div class=\"sc_team_item_header\">\r\n\t\t\t<h4 class=\"sc_team_item_title entry-title\">Bilal Tiryaki<\/h4>\r\n\t\t\t<div class=\"sc_team_item_subtitle\">Plastik Enjeksiyon Sorumlusu<\/div>\t\t<\/div>\r\n\t\t<\/div>\r\n<\/div><\/div><div class=\"trx_addons_column-1_4 trx_addons_column-1_4-mobile\"><div data-post-id=\"24398\" class=\"sc_team_item sc_item_container post_container no_links post-24398 cpt_team type-cpt_team status-publish has-post-thumbnail hentry cpt_team_group-uretim\">\r\n\t<div class=\"post_featured with_thumb hover_link sc_team_item_thumb\"><img loading=\"lazy\" decoding=\"async\" width=\"570\" height=\"696\" src=\"https:\/\/bimko.com\/wp-content\/uploads\/2023\/06\/Adsiz-tasarim-72-570x696.jpg\" class=\"attachment-soleil-thumb-rectangle size-soleil-thumb-rectangle wp-post-image\" alt=\"\" \/>\t\t\t\t\t\t<div class=\"mask\"><\/div>\r\n\t\t\t\t\t\t\t\t\t<a href=\"javascript:void(0)\"  aria-hidden=\"true\" class=\"link\"><\/a>\r\n\t\t\t<\/div>\t<div class=\"sc_team_item_info\">\r\n\t\t<div class=\"sc_team_item_header\">\r\n\t\t\t<h4 class=\"sc_team_item_title entry-title\">Selma \u00d6zcan<\/h4>\r\n\t\t\t<div class=\"sc_team_item_subtitle\">Packaging Specialist<\/div>\t\t<\/div>\r\n\t\t<\/div>\r\n<\/div><\/div><div class=\"trx_addons_column-1_4 trx_addons_column-1_4-mobile\"><div data-post-id=\"24403\" class=\"sc_team_item sc_item_container post_container no_links post-24403 cpt_team type-cpt_team status-publish has-post-thumbnail hentry cpt_team_group-uretim\">\r\n\t<div class=\"post_featured with_thumb hover_link sc_team_item_thumb\"><img loading=\"lazy\" decoding=\"async\" width=\"570\" height=\"696\" src=\"https:\/\/bimko.com\/wp-content\/uploads\/2023\/06\/Adsiz-tasarim-75-570x696.jpg\" class=\"attachment-soleil-thumb-rectangle size-soleil-thumb-rectangle wp-post-image\" alt=\"\" \/>\t\t\t\t\t\t<div class=\"mask\"><\/div>\r\n\t\t\t\t\t\t\t\t\t<a href=\"javascript:void(0)\"  aria-hidden=\"true\" class=\"link\"><\/a>\r\n\t\t\t<\/div>\t<div class=\"sc_team_item_info\">\r\n\t\t<div class=\"sc_team_item_header\">\r\n\t\t\t<h4 class=\"sc_team_item_title entry-title\">Melike Bahad\u0131r<\/h4>\r\n\t\t\t<div class=\"sc_team_item_subtitle\">Preshane Sorumlusu<\/div>\t\t<\/div>\r\n\t\t<\/div>\r\n<\/div><\/div><\/div><nav class=\"sc_team_pagination sc_item_pagination sc_item_pagination_load_more nav-links-more  sc_align_none sc_item_pagination_infinite\" data-params=\"a:90:{s:3:&quot;cat&quot;;s:3:&quot;43 &quot;;s:7:&quot;columns&quot;;i:4;s:18:&quot;columns_widescreen&quot;;s:0:&quot;&quot;;s:14:&quot;columns_laptop&quot;;s:0:&quot;&quot;;s:20:&quot;columns_tablet_extra&quot;;s:0:&quot;&quot;;s:14:&quot;columns_tablet&quot;;s:0:&quot;&quot;;s:20:&quot;columns_mobile_extra&quot;;a:3:{s:4:&quot;unit&quot;;s:2:&quot;px&quot;;s:4:&quot;size&quot;;i:4;s:5:&quot;sizes&quot;;a:0:{}}s:14:&quot;columns_mobile&quot;;i:4;s:5:&quot;count&quot;;i:10;s:6:&quot;offset&quot;;i:0;s:7:&quot;orderby&quot;;s:4:&quot;none&quot;;s:5:&quot;order&quot;;s:4:&quot;desc&quot;;s:3:&quot;ids&quot;;s:0:&quot;&quot;;s:6:&quot;slider&quot;;b:0;s:13:&quot;slider_effect&quot;;s:5:&quot;slide&quot;;s:17:&quot;slider_pagination&quot;;s:4:&quot;none&quot;;s:22:&quot;slider_pagination_type&quot;;s:7:&quot;bullets&quot;;s:24:&quot;slider_pagination_thumbs&quot;;i:0;s:15:&quot;slider_controls&quot;;s:4:&quot;none&quot;;s:12:&quot;slides_space&quot;;i:0;s:15:&quot;slides_centered&quot;;s:0:&quot;&quot;;s:15:&quot;slides_overflow&quot;;s:0:&quot;&quot;;s:18:&quot;slider_mouse_wheel&quot;;s:0:&quot;&quot;;s:15:&quot;slider_autoplay&quot;;s:1:&quot;1&quot;;s:11:&quot;slider_loop&quot;;s:1:&quot;1&quot;;s:16:&quot;slider_free_mode&quot;;s:0:&quot;&quot;;s:5:&quot;title&quot;;s:0:&quot;&quot;;s:11:&quot;title_align&quot;;s:4:&quot;none&quot;;s:11:&quot;title_style&quot;;s:7:&quot;default&quot;;s:9:&quot;title_tag&quot;;s:4:&quot;none&quot;;s:11:&quot;title_color&quot;;s:0:&quot;&quot;;s:12:&quot;title_color2&quot;;s:0:&quot;&quot;;s:13:&quot;gradient_fill&quot;;s:5:&quot;block&quot;;s:18:&quot;gradient_direction&quot;;s:1:&quot;0&quot;;s:18:&quot;title_border_color&quot;;s:0:&quot;&quot;;s:18:&quot;title_border_width&quot;;s:0:&quot;&quot;;s:14:&quot;title_bg_image&quot;;s:0:&quot;&quot;;s:6:&quot;title2&quot;;s:0:&quot;&quot;;s:12:&quot;title2_color&quot;;s:0:&quot;&quot;;s:13:&quot;title2_color2&quot;;s:0:&quot;&quot;;s:14:&quot;gradient_fill2&quot;;s:5:&quot;block&quot;;s:19:&quot;gradient_direction2&quot;;s:1:&quot;0&quot;;s:19:&quot;title2_border_color&quot;;s:0:&quot;&quot;;s:19:&quot;title2_border_width&quot;;s:0:&quot;&quot;;s:15:&quot;title2_bg_image&quot;;s:0:&quot;&quot;;s:8:&quot;subtitle&quot;;s:0:&quot;&quot;;s:14:&quot;subtitle_align&quot;;s:4:&quot;none&quot;;s:17:&quot;subtitle_position&quot;;s:5:&quot;above&quot;;s:11:&quot;description&quot;;s:0:&quot;&quot;;s:4:&quot;link&quot;;s:0:&quot;&quot;;s:10:&quot;link_style&quot;;s:7:&quot;default&quot;;s:10:&quot;link_image&quot;;s:0:&quot;&quot;;s:9:&quot;link_text&quot;;s:0:&quot;&quot;;s:10:&quot;new_window&quot;;i:0;s:5:&quot;typed&quot;;s:0:&quot;&quot;;s:13:&quot;typed_strings&quot;;s:0:&quot;&quot;;s:10:&quot;typed_loop&quot;;s:1:&quot;1&quot;;s:12:&quot;typed_cursor&quot;;s:1:&quot;1&quot;;s:17:&quot;typed_cursor_char&quot;;s:1:&quot;_&quot;;s:11:&quot;typed_color&quot;;s:0:&quot;&quot;;s:11:&quot;typed_speed&quot;;s:1:&quot;6&quot;;s:11:&quot;typed_delay&quot;;s:1:&quot;1&quot;;s:2:&quot;id&quot;;s:0:&quot;&quot;;s:5:&quot;class&quot;;s:0:&quot;&quot;;s:9:&quot;className&quot;;s:0:&quot;&quot;;s:3:&quot;css&quot;;s:0:&quot;&quot;;s:4:&quot;type&quot;;s:7:&quot;default&quot;;s:9:&quot;no_margin&quot;;s:0:&quot;&quot;;s:8:&quot;no_links&quot;;s:1:&quot;1&quot;;s:9:&quot;more_text&quot;;s:0:&quot;&quot;;s:10:&quot;pagination&quot;;s:8:&quot;infinite&quot;;s:4:&quot;page&quot;;i:1;s:9:&quot;post_type&quot;;s:8:&quot;cpt_team&quot;;s:8:&quot;taxonomy&quot;;s:14:&quot;cpt_team_group&quot;;s:13:&quot;posts_exclude&quot;;s:0:&quot;&quot;;s:13:&quot;columns_extra&quot;;a:3:{s:4:&quot;unit&quot;;s:2:&quot;px&quot;;s:4:&quot;size&quot;;i:4;s:5:&quot;sizes&quot;;a:0:{}}s:11:&quot;count_extra&quot;;a:3:{s:4:&quot;unit&quot;;s:2:&quot;px&quot;;s:4:&quot;size&quot;;i:10;s:5:&quot;sizes&quot;;a:0:{}}s:12:&quot;offset_extra&quot;;a:3:{s:4:&quot;unit&quot;;s:2:&quot;px&quot;;s:4:&quot;size&quot;;i:0;s:5:&quot;sizes&quot;;a:0:{}}s:18:&quot;slides_space_extra&quot;;a:3:{s:4:&quot;unit&quot;;s:2:&quot;px&quot;;s:4:&quot;size&quot;;i:0;s:5:&quot;sizes&quot;;a:0:{}}s:24:&quot;gradient_direction_extra&quot;;a:3:{s:4:&quot;unit&quot;;s:2:&quot;px&quot;;s:4:&quot;size&quot;;i:0;s:5:&quot;sizes&quot;;a:0:{}}s:17:&quot;typed_speed_extra&quot;;a:3:{s:4:&quot;unit&quot;;s:2:&quot;px&quot;;s:4:&quot;size&quot;;i:6;s:5:&quot;sizes&quot;;a:0:{}}s:17:&quot;typed_delay_extra&quot;;a:3:{s:4:&quot;unit&quot;;s:2:&quot;px&quot;;s:4:&quot;size&quot;;i:1;s:5:&quot;sizes&quot;;a:0:{}}s:25:&quot;gradient_direction2_extra&quot;;a:3:{s:4:&quot;unit&quot;;s:2:&quot;px&quot;;s:4:&quot;size&quot;;i:0;s:5:&quot;sizes&quot;;a:0:{}}s:10:&quot;link_extra&quot;;a:4:{s:3:&quot;url&quot;;s:0:&quot;&quot;;s:11:&quot;is_external&quot;;s:0:&quot;&quot;;s:8:&quot;nofollow&quot;;s:0:&quot;&quot;;s:17:&quot;custom_attributes&quot;;s:0:&quot;&quot;;}s:16:&quot;link_image_extra&quot;;a:3:{s:3:&quot;url&quot;;s:0:&quot;&quot;;s:2:&quot;id&quot;;s:0:&quot;&quot;;s:4:&quot;size&quot;;s:0:&quot;&quot;;}s:6:&quot;scheme&quot;;s:11:&quot;store_light&quot;;s:11:&quot;color_style&quot;;s:7:&quot;default&quot;;s:22:&quot;mouse_helper_highlight&quot;;s:0:&quot;&quot;;s:16:&quot;slides_min_width&quot;;i:220;s:2:&quot;sc&quot;;s:7:&quot;sc_team&quot;;}\">\n\t\t\t\t<a class=\"nav-links\" data-page=\"2\" data-max-page=\"2\"><span>Load more<\/span><\/a>\n\t\t\t<\/nav><\/div>\t\t\t\t<\/div>\n\t\t\t\t<\/div>\n\t\t\t\t<div class=\"elementor-element elementor-element-5bace45 sc_height_huge sc_fly_static elementor-widget elementor-widget-spacer\" data-id=\"5bace45\" data-element_type=\"widget\" data-widget_type=\"spacer.default\">\n\t\t\t\t<div class=\"elementor-widget-container\">\n\t\t\t\t\t\t\t<div class=\"elementor-spacer\">\n\t\t\t<div class=\"elementor-spacer-inner\"><\/div>\n\t\t<\/div>\n\t\t\t\t\t\t<\/div>\n\t\t\t\t<\/div>\n\t\t\t\t\t<\/div>\n\t\t<\/div>\n\t\t\t\t\t<\/div>\n\t\t<\/section>\n\t\t\t\t<\/div>","protected":false},"excerpt":{"rendered":"<p>M.Yasir Bayram Genel M\u00fcd\u00fcr A.Cihad Bayram Sat\u0131n Alma ve Lojistik M\u00fcd\u00fcr\u00fc A.\u015eamil Bayram \u00dcretim M\u00fcd\u00fcr\u00fc&hellip;<\/p>","protected":false},"author":1,"featured_media":0,"parent":0,"menu_order":0,"comment_status":"closed","ping_status":"closed","template":"","meta":{"footnotes":""},"class_list":["post-20094","page","type-page","status-publish","hentry"],"_links":{"self":[{"href":"https:\/\/bimko.com\/en\/wp-json\/wp\/v2\/pages\/20094","targetHints":{"allow":["GET"]}}],"collection":[{"href":"https:\/\/bimko.com\/en\/wp-json\/wp\/v2\/pages"}],"about":[{"href":"https:\/\/bimko.com\/en\/wp-json\/wp\/v2\/types\/page"}],"author":[{"embeddable":true,"href":"https:\/\/bimko.com\/en\/wp-json\/wp\/v2\/users\/1"}],"replies":[{"embeddable":true,"href":"https:\/\/bimko.com\/en\/wp-json\/wp\/v2\/comments?post=20094"}],"version-history":[{"count":12,"href":"https:\/\/bimko.com\/en\/wp-json\/wp\/v2\/pages\/20094\/revisions"}],"predecessor-version":[{"id":25651,"href":"https:\/\/bimko.com\/en\/wp-json\/wp\/v2\/pages\/20094\/revisions\/25651"}],"wp:attachment":[{"href":"https:\/\/bimko.com\/en\/wp-json\/wp\/v2\/media?parent=20094"}],"curies":[{"name":"wp","href":"https:\/\/api.w.org\/{rel}","templated":true}]}}