{"id":3825,"date":"2020-05-26T15:09:21","date_gmt":"2020-05-26T12:09:21","guid":{"rendered":"https:\/\/bimko.com\/?page_id=3825"},"modified":"2024-12-17T17:02:18","modified_gmt":"2024-12-17T14:02:18","slug":"about-us","status":"publish","type":"page","link":"https:\/\/bimko.com\/de\/about-us\/","title":{"rendered":"<i>\u00dcber uns<\/i>"},"content":{"rendered":"<div data-elementor-type=\"wp-page\" data-elementor-id=\"3825\" class=\"elementor elementor-3825\" data-elementor-post-type=\"page\">\n\t\t\t\t\t\t<section data-particle_enable=\"false\" data-particle-mobile-disabled=\"false\" class=\"elementor-section elementor-top-section elementor-element elementor-element-72a0f6d elementor-section-boxed elementor-section-height-default elementor-section-height-default sc_fly_static\" data-id=\"72a0f6d\" data-element_type=\"section\" data-settings=\"{&quot;tmea_shape_divider_top&quot;:&quot;none&quot;,&quot;tmea_shape_divider_bottom&quot;:&quot;none&quot;}\">\n\t\t\t\t\t\t<div class=\"elementor-container elementor-column-gap-extended\">\n\t\t\t\t\t<div class=\"elementor-column elementor-col-100 elementor-top-column elementor-element elementor-element-e478aa4 sc_inner_width_none sc_content_align_inherit sc_layouts_column_icons_position_left sc_fly_static\" data-id=\"e478aa4\" data-element_type=\"column\">\n\t\t\t<div class=\"elementor-widget-wrap elementor-element-populated\">\n\t\t\t\t\t\t<div class=\"elementor-element elementor-element-4236d26 sc_height_huge sc_fly_static elementor-widget elementor-widget-spacer\" data-id=\"4236d26\" data-element_type=\"widget\" data-widget_type=\"spacer.default\">\n\t\t\t\t<div class=\"elementor-widget-container\">\n\t\t\t\t\t\t\t<div class=\"elementor-spacer\">\n\t\t\t<div class=\"elementor-spacer-inner\"><\/div>\n\t\t<\/div>\n\t\t\t\t\t\t<\/div>\n\t\t\t\t<\/div>\n\t\t\t\t<div class=\"elementor-element elementor-element-492a7b8 scheme_default sc_fly_static elementor-widget elementor-widget-text-editor\" data-id=\"492a7b8\" data-element_type=\"widget\" data-widget_type=\"text-editor.default\">\n\t\t\t\t<div class=\"elementor-widget-container\">\n\t\t\t\t\t\t\t\t\t<h6 class=\"p1\">Bimko ist ein familiengef\u00fchrtes Unternehmen mit einem starken Engagement f\u00fcr die Kundenbetreuung, das 1993 in Istanbul gegr\u00fcndet wurde. Bimko begann als Handelsunternehmen f\u00fcr Haushaltsger\u00e4te-Ersatzteile und konzentrierte sich im Laufe der Jahre auf die Herstellung verschiedener Aktivkohlefilter f\u00fcr Dunstabzugshauben.<\/h6><h6 class=\"p1\">Heute ist Bimko einer der gr\u00f6\u00dften Filterlieferanten f\u00fcr Dunstabzugshauben in der T\u00fcrkei, den EU-L\u00e4ndern und Indien mit mehr als 100 Produkten und einer Produktionskapazit\u00e4t von \u00fcber 750.000 Filtern pro Jahr. Unsere Produkte erreichen \u00fcber Direktkunden in Deutschland, den Niederlanden, Italien, Frankreich, Indien und Gro\u00dfbritannien mehr als 40 L\u00e4nder auf der ganzen Welt.<\/h6><h6 class=\"p1\">In den letzten drei Jahren, in denen sich Bimko auf die Herstellung und den Export von Kohlefiltern f\u00fcr Herde konzentrierte, ist die Produktionskapazit\u00e4t um 50 % gewachsen. Bimko ist ein f\u00fchrendes Unternehmen in seiner Branche, das den Grundsatz der Kundenzufriedenheit, schnellen Lieferung und wettbewerbsf\u00e4higen Preise anwendet.<\/h6>\t\t\t\t\t\t\t\t<\/div>\n\t\t\t\t<\/div>\n\t\t\t\t\t<\/div>\n\t\t<\/div>\n\t\t\t\t\t<\/div>\n\t\t<\/section>\n\t\t\t\t<section data-particle_enable=\"false\" data-particle-mobile-disabled=\"false\" class=\"elementor-section elementor-top-section elementor-element elementor-element-941b9e0 elementor-section-boxed elementor-section-height-default elementor-section-height-default sc_fly_static\" data-id=\"941b9e0\" data-element_type=\"section\" data-settings=\"{&quot;tmea_shape_divider_top&quot;:&quot;none&quot;,&quot;tmea_shape_divider_bottom&quot;:&quot;none&quot;}\">\n\t\t\t\t\t\t<div class=\"elementor-container elementor-column-gap-extended\">\n\t\t\t\t\t<div class=\"elementor-column elementor-col-100 elementor-top-column elementor-element elementor-element-892eacc sc_inner_width_none sc_content_align_inherit sc_layouts_column_icons_position_left sc_fly_static\" data-id=\"892eacc\" data-element_type=\"column\">\n\t\t\t<div class=\"elementor-widget-wrap elementor-element-populated\">\n\t\t\t\t\t\t<div class=\"elementor-element elementor-element-21aec13 sc_height_small sc_fly_static elementor-widget elementor-widget-spacer\" data-id=\"21aec13\" data-element_type=\"widget\" data-widget_type=\"spacer.default\">\n\t\t\t\t<div class=\"elementor-widget-container\">\n\t\t\t\t\t\t\t<div class=\"elementor-spacer\">\n\t\t\t<div class=\"elementor-spacer-inner\"><\/div>\n\t\t<\/div>\n\t\t\t\t\t\t<\/div>\n\t\t\t\t<\/div>\n\t\t\t\t\t<\/div>\n\t\t<\/div>\n\t\t\t\t\t<\/div>\n\t\t<\/section>\n\t\t\t\t<section data-particle_enable=\"false\" data-particle-mobile-disabled=\"false\" class=\"elementor-section-with-custom-width elementor-section elementor-top-section elementor-element elementor-element-6fafea80 elementor-section-boxed elementor-section-height-default elementor-section-height-default sc_fly_static\" data-id=\"6fafea80\" data-element_type=\"section\" data-settings=\"{&quot;tmea_shape_divider_top&quot;:&quot;none&quot;,&quot;tmea_shape_divider_bottom&quot;:&quot;none&quot;}\">\n\t\t\t\t\t\t<div class=\"elementor-container elementor-column-gap-no\">\n\t\t\t\t\t<div class=\"elementor-column elementor-col-50 elementor-top-column elementor-element elementor-element-4bdf86e9 sc_inner_width_none sc_content_align_inherit sc_layouts_column_icons_position_left sc_fly_static\" data-id=\"4bdf86e9\" data-element_type=\"column\">\n\t\t\t<div class=\"elementor-widget-wrap elementor-element-populated\">\n\t\t\t\t\n\t\t<div class=\"elementor-element elementor-element-3cafea9 scheme_solar sc_fly_static elementor-widget elementor-widget-tme-price_menu\" data-id=\"3cafea9\" data-element_type=\"widget\" data-widget_type=\"tme-price_menu.default\">\n\t\t\t\t<div class=\"elementor-widget-container\">\n\t\t\t\t\t         \n        <div class=\"tme-price-menu-wrapper tme-price-menu-layout-1\">\n                        <div class=\"tme-price-menu-title tme-price-menu-title-full\">\n                <div class=\"tme-price-menu-bar\">\n                    <h2 class=\"tme-price-menu-name\">BIMKO w\u00e4chst weiter!<\/h2>\t\t\t\t\t                    <div class=\"tme-price-menu-seperator\"><\/div>\n                                                            <div class=\"tme-price-menu-price\">\n                        2023                    <\/div>\n                                    <\/div>\n                                <div class=\"tme-price-menu-description\">\n                    BIMKO macht auf seinem Weg gro\u00dfe Fortschritte, indem es jeden Tag h\u00e4rter f\u00fcr seine neuen Ziele arbeitet.                <\/div>\n                            <\/div>\n        <\/div>\n         \n        <div class=\"tme-price-menu-wrapper tme-price-menu-layout-1\">\n                        <div class=\"tme-price-menu-title tme-price-menu-title-full\">\n                <div class=\"tme-price-menu-bar\">\n                    <h2 class=\"tme-price-menu-name\">Wir haben der Produktion mehr Power verliehen!<\/h2>\t\t\t\t\t                    <div class=\"tme-price-menu-seperator\"><\/div>\n                                                            <div class=\"tme-price-menu-price\">\n                        2023                    <\/div>\n                                    <\/div>\n                                <div class=\"tme-price-menu-description\">\n                    Die Schwammimpr\u00e4gnierlinie wurde 2023 gegr\u00fcndet.                <\/div>\n                            <\/div>\n        <\/div>\n         \n        <div class=\"tme-price-menu-wrapper tme-price-menu-layout-1\">\n                        <div class=\"tme-price-menu-title tme-price-menu-title-full\">\n                <div class=\"tme-price-menu-bar\">\n                    <h2 class=\"tme-price-menu-name\">Die Formabteilung wurde gegr\u00fcndet.<\/h2>\t\t\t\t\t                    <div class=\"tme-price-menu-seperator\"><\/div>\n                                                            <div class=\"tme-price-menu-price\">\n                        2022                    <\/div>\n                                    <\/div>\n                                <div class=\"tme-price-menu-description\">\n                    Es wurde eine Formabteilung mit modernster Ausr\u00fcstung eingerichtet.\n                <\/div>\n                            <\/div>\n        <\/div>\n         \n        <div class=\"tme-price-menu-wrapper tme-price-menu-layout-1\">\n                        <div class=\"tme-price-menu-title tme-price-menu-title-full\">\n                <div class=\"tme-price-menu-bar\">\n                    <h2 class=\"tme-price-menu-name\">Die Formabteilung wurde gegr\u00fcndet.<\/h2>\t\t\t\t\t                    <div class=\"tme-price-menu-seperator\"><\/div>\n                                                            <div class=\"tme-price-menu-price\">\n                        2022                    <\/div>\n                                    <\/div>\n                                <div class=\"tme-price-menu-description\">\n                    Es wurde eine Formabteilung mit modernster Ausr\u00fcstung eingerichtet.\n                <\/div>\n                            <\/div>\n        <\/div>\n         \n        <div class=\"tme-price-menu-wrapper tme-price-menu-layout-1\">\n                        <div class=\"tme-price-menu-title tme-price-menu-title-full\">\n                <div class=\"tme-price-menu-bar\">\n                    <h2 class=\"tme-price-menu-name\">Rekordproduktion!<\/h2>\t\t\t\t\t                    <div class=\"tme-price-menu-seperator\"><\/div>\n                                                            <div class=\"tme-price-menu-price\">\n                        2022                    <\/div>\n                                    <\/div>\n                                <div class=\"tme-price-menu-description\">\n                    Bimko wurde im Jahr 2022 zu einem Unternehmen, das 750.000 Filter pro Jahr produziert.\n                <\/div>\n                            <\/div>\n        <\/div>\n         \n        <div class=\"tme-price-menu-wrapper tme-price-menu-layout-1\">\n                        <div class=\"tme-price-menu-title tme-price-menu-title-full\">\n                <div class=\"tme-price-menu-bar\">\n                    <h2 class=\"tme-price-menu-name\">Der Marktf\u00fchrer in Sachen Produktvielfalt.<\/h2>\t\t\t\t\t                    <div class=\"tme-price-menu-seperator\"><\/div>\n                                                            <div class=\"tme-price-menu-price\">\n                        2021                    <\/div>\n                                    <\/div>\n                                <div class=\"tme-price-menu-description\">\n                    Es wurden mehr als 100 Produktbereiche erreicht.\n                <\/div>\n                            <\/div>\n        <\/div>\n         \n        <div class=\"tme-price-menu-wrapper tme-price-menu-layout-1\">\n                        <div class=\"tme-price-menu-title tme-price-menu-title-full\">\n                <div class=\"tme-price-menu-bar\">\n                    <h2 class=\"tme-price-menu-name\">Wir haben der Produktion mehr Power verliehen!<\/h2>\t\t\t\t\t                    <div class=\"tme-price-menu-seperator\"><\/div>\n                                                            <div class=\"tme-price-menu-price\">\n                        2018                    <\/div>\n                                    <\/div>\n                                <div class=\"tme-price-menu-description\">\n                    Wir haben \u00fcber 25 Produkte erreicht                <\/div>\n                            <\/div>\n        <\/div>\n                \t\t\t\t<\/div>\n\t\t\t\t<\/div>\n\t\t\t\t\t<\/div>\n\t\t<\/div>\n\t\t\t\t<div class=\"elementor-column elementor-col-50 elementor-top-column elementor-element elementor-element-356ea92e sc_inner_width_none sc_content_align_inherit sc_layouts_column_icons_position_left sc_fly_static\" data-id=\"356ea92e\" data-element_type=\"column\">\n\t\t\t<div class=\"elementor-widget-wrap elementor-element-populated\">\n\t\t\t\t\t\t<div class=\"elementor-element elementor-element-251e2459 sc_fly_static elementor-widget elementor-widget-tme-price_menu\" data-id=\"251e2459\" data-element_type=\"widget\" data-widget_type=\"tme-price_menu.default\">\n\t\t\t\t<div class=\"elementor-widget-container\">\n\t\t\t\t\t         \n        <div class=\"tme-price-menu-wrapper tme-price-menu-layout-1\">\n                        <div class=\"tme-price-menu-title tme-price-menu-title-full\">\n                <div class=\"tme-price-menu-bar\">\n                    <h2 class=\"tme-price-menu-name\">Es begann mit der Produktion von Filtrationsprodukten.<\/h2>\t\t\t\t\t                    <div class=\"tme-price-menu-seperator\"><\/div>\n                                                            <div class=\"tme-price-menu-price\">\n                        2015                    <\/div>\n                                    <\/div>\n                                <div class=\"tme-price-menu-description\">\n                    Konzentriert sich auf die Filtrationsindustrie.\n                <\/div>\n                            <\/div>\n        <\/div>\n         \n        <div class=\"tme-price-menu-wrapper tme-price-menu-layout-1\">\n                        <div class=\"tme-price-menu-title tme-price-menu-title-full\">\n                <div class=\"tme-price-menu-bar\">\n                    <h2 class=\"tme-price-menu-name\">Die zweite Generation \u00fcbernahm das Unternehmen.<\/h2>\t\t\t\t\t                    <div class=\"tme-price-menu-seperator\"><\/div>\n                                                            <div class=\"tme-price-menu-price\">\n                        2015                    <\/div>\n                                    <\/div>\n                                <div class=\"tme-price-menu-description\">\n                    Die zweite Generation \u00fcbernahm das Unternehmen und bildete die Gesch\u00e4ftsf\u00fchrung.\n                <\/div>\n                            <\/div>\n        <\/div>\n         \n        <div class=\"tme-price-menu-wrapper tme-price-menu-layout-1\">\n                        <div class=\"tme-price-menu-title tme-price-menu-title-full\">\n                <div class=\"tme-price-menu-bar\">\n                    <h2 class=\"tme-price-menu-name\">Unser Gr\u00fcnder ist verstorben.<\/h2>\t\t\t\t\t                    <div class=\"tme-price-menu-seperator\"><\/div>\n                                                            <div class=\"tme-price-menu-price\">\n                        2015                    <\/div>\n                                    <\/div>\n                                <div class=\"tme-price-menu-description\">\n                    Gr\u00fcnder Seyfullah Bayram ist verstorben.                <\/div>\n                            <\/div>\n        <\/div>\n         \n        <div class=\"tme-price-menu-wrapper tme-price-menu-layout-1\">\n                        <div class=\"tme-price-menu-title tme-price-menu-title-full\">\n                <div class=\"tme-price-menu-bar\">\n                    <h2 class=\"tme-price-menu-name\">Die erste Produktion wurde gemacht.<\/h2>\t\t\t\t\t                    <div class=\"tme-price-menu-seperator\"><\/div>\n                                                            <div class=\"tme-price-menu-price\">\n                        1997                    <\/div>\n                                    <\/div>\n                                <div class=\"tme-price-menu-description\">\n                    BIMKO machte seine erste Produktion im Jahr 1997.\n                <\/div>\n                            <\/div>\n        <\/div>\n         \n        <div class=\"tme-price-menu-wrapper tme-price-menu-layout-1\">\n                        <div class=\"tme-price-menu-title tme-price-menu-title-full\">\n                <div class=\"tme-price-menu-bar\">\n                    <h2 class=\"tme-price-menu-name\">Der erste Export erfolgte.<\/h2>\t\t\t\t\t                    <div class=\"tme-price-menu-seperator\"><\/div>\n                                                            <div class=\"tme-price-menu-price\">\n                        1994                    <\/div>\n                                    <\/div>\n                                <div class=\"tme-price-menu-description\">\n                    BIMKO, der Marktf\u00fchrer in seinem Bereich, f\u00fchrte 1994 seinen ersten Export durch.\n                <\/div>\n                            <\/div>\n        <\/div>\n         \n        <div class=\"tme-price-menu-wrapper tme-price-menu-layout-1\">\n                        <div class=\"tme-price-menu-title tme-price-menu-title-full\">\n                <div class=\"tme-price-menu-bar\">\n                    <h2 class=\"tme-price-menu-name\">Herstellung von Haushaltsger\u00e4ten und Ersatzteilen<\/h2>\t\t\t\t\t                    <div class=\"tme-price-menu-seperator\"><\/div>\n                                                            <div class=\"tme-price-menu-price\">\n                        1993                    <\/div>\n                                    <\/div>\n                                <div class=\"tme-price-menu-description\">\n                    Haushaltsger\u00e4te begannen ihre T\u00e4tigkeit mit dem Import und Export von Ersatzteilen.\n                <\/div>\n                            <\/div>\n        <\/div>\n         \n        <div class=\"tme-price-menu-wrapper tme-price-menu-layout-1\">\n                        <div class=\"tme-price-menu-title tme-price-menu-title-full\">\n                <div class=\"tme-price-menu-bar\">\n                    <h2 class=\"tme-price-menu-name\">BIMKO Electric wurde gegr\u00fcndet.<\/h2>\t\t\t\t\t                    <div class=\"tme-price-menu-seperator\"><\/div>\n                                                            <div class=\"tme-price-menu-price\">\n                        1993                    <\/div>\n                                    <\/div>\n                                <div class=\"tme-price-menu-description\">\n                    Bimko Elektrik wurde 1993 von Seyfullah Bayram gegr\u00fcndet.\n                <\/div>\n                            <\/div>\n        <\/div>\n                \t\t\t\t<\/div>\n\t\t\t\t<\/div>\n\t\t\t\t\t<\/div>\n\t\t<\/div>\n\t\t\t\t\t<\/div>\n\t\t<\/section>\n\t\t\t\t<section data-particle_enable=\"false\" data-particle-mobile-disabled=\"false\" class=\"elementor-section elementor-top-section elementor-element elementor-element-6abeafc elementor-section-boxed elementor-section-height-default elementor-section-height-default sc_fly_static\" data-id=\"6abeafc\" data-element_type=\"section\" data-settings=\"{&quot;tmea_shape_divider_top&quot;:&quot;none&quot;,&quot;tmea_shape_divider_bottom&quot;:&quot;none&quot;}\">\n\t\t\t\t\t\t<div class=\"elementor-container elementor-column-gap-extended\">\n\t\t\t\t\t<div class=\"elementor-column elementor-col-100 elementor-top-column elementor-element elementor-element-d37c055 sc_inner_width_none sc_content_align_inherit sc_layouts_column_icons_position_left sc_fly_static\" data-id=\"d37c055\" data-element_type=\"column\">\n\t\t\t<div class=\"elementor-widget-wrap\">\n\t\t\t\t\t\t\t<\/div>\n\t\t<\/div>\n\t\t\t\t\t<\/div>\n\t\t<\/section>\n\t\t\t\t<\/div>","protected":false},"excerpt":{"rendered":"<p>Bimko Elektrik, 1993 y\u0131l\u0131nda \u0130stanbul&#8217;da kurulmu\u015f, m\u00fc\u015fteri hizmetlerine b\u00fcy\u00fck \u00f6nem veren bir aile \u015firketidir. Beyaz&hellip;<\/p>","protected":false},"author":1,"featured_media":0,"parent":0,"menu_order":0,"comment_status":"closed","ping_status":"closed","template":"","meta":{"footnotes":""},"class_list":["post-3825","page","type-page","status-publish","hentry"],"_links":{"self":[{"href":"https:\/\/bimko.com\/de\/wp-json\/wp\/v2\/pages\/3825","targetHints":{"allow":["GET"]}}],"collection":[{"href":"https:\/\/bimko.com\/de\/wp-json\/wp\/v2\/pages"}],"about":[{"href":"https:\/\/bimko.com\/de\/wp-json\/wp\/v2\/types\/page"}],"author":[{"embeddable":true,"href":"https:\/\/bimko.com\/de\/wp-json\/wp\/v2\/users\/1"}],"replies":[{"embeddable":true,"href":"https:\/\/bimko.com\/de\/wp-json\/wp\/v2\/comments?post=3825"}],"version-history":[{"count":24,"href":"https:\/\/bimko.com\/de\/wp-json\/wp\/v2\/pages\/3825\/revisions"}],"predecessor-version":[{"id":25585,"href":"https:\/\/bimko.com\/de\/wp-json\/wp\/v2\/pages\/3825\/revisions\/25585"}],"wp:attachment":[{"href":"https:\/\/bimko.com\/de\/wp-json\/wp\/v2\/media?parent=3825"}],"curies":[{"name":"wp","href":"https:\/\/api.w.org\/{rel}","templated":true}]}}