{"id":19839,"date":"2022-11-17T17:07:38","date_gmt":"2022-11-17T17:07:38","guid":{"rendered":"https:\/\/bimko.com\/?page_id=19839"},"modified":"2023-08-21T16:27:59","modified_gmt":"2023-08-21T13:27:59","slug":"bimko-mold","status":"publish","type":"page","link":"https:\/\/bimko.com\/de\/bimko-mold\/","title":{"rendered":"BIMKO-Form"},"content":{"rendered":"<div data-elementor-type=\"wp-page\" data-elementor-id=\"19839\" class=\"elementor elementor-19839\" data-elementor-post-type=\"page\">\n\t\t\t\t\t\t<section data-particle_enable=\"false\" data-particle-mobile-disabled=\"false\" class=\"elementor-section elementor-top-section elementor-element elementor-element-28195ae3 elementor-section-boxed elementor-section-height-default elementor-section-height-default sc_fly_static\" data-id=\"28195ae3\" data-element_type=\"section\" data-settings=\"{&quot;tmea_shape_divider_top&quot;:&quot;none&quot;,&quot;tmea_shape_divider_bottom&quot;:&quot;none&quot;}\">\n\t\t\t\t\t\t<div class=\"elementor-container elementor-column-gap-extended\">\n\t\t\t\t\t<div class=\"elementor-column elementor-col-100 elementor-top-column elementor-element elementor-element-46f9d733 sc_inner_width_none sc_content_align_inherit sc_layouts_column_icons_position_left sc_fly_static\" data-id=\"46f9d733\" data-element_type=\"column\">\n\t\t\t<div class=\"elementor-widget-wrap elementor-element-populated\">\n\t\t\t\t\n\t\t<div class=\"elementor-element elementor-element-d19e596 eael-infobox-content-align--center eael-infobox-icon-bg-shape-none eael-infobox-icon-hover-bg-shape-none sc_fly_static elementor-widget elementor-widget-global elementor-global-25025 elementor-widget-eael-info-box\" data-id=\"d19e596\" data-element_type=\"widget\" data-widget_type=\"eael-info-box.default\">\n\t\t\t\t<div class=\"elementor-widget-container\">\n\t\t\t\t\t        <div class=\"eael-infobox\">\n\t            <div class=\"infobox-icon eael-icon-only\">\n\n            \n                            <div class=\"infobox-icon-wrap\">\n                                    <\/div>\n            \n            \n        <\/div>\n            <div class=\"infobox-content eael-icon-only\">\n            <h2 class=\"title\">BIMKO-Form<\/h2><div><p class=\"p1\" style=\"text-align: center;\"><big><b>Der Kunststoffformenbau spielt in verschiedenen Branchen eine entscheidende Rolle und erm\u00f6glicht die Massenproduktion von Kunststoffkomponenten und -produkten.<\/b><\/big><\/p><p class=\"p1\" style=\"text-align: center;\"><big><b> Die Herstellung von Kunststoffformen in Ihrer eigenen Fabrik bietet zahlreiche Vorteile, wie z. B. eine bessere Kontrolle \u00fcber den Produktionsprozess und k\u00fcrzere Durchlaufzeiten. Durch die Konzentration auf die Schl\u00fcsselphasen Design und Entwicklung, Materialauswahl, Formenbau, Pr\u00fcfung, Einstellung und strenge Qualit\u00e4tskontrolle entsteht ein zuverl\u00e4ssiger und effizienter Prozess zur Herstellung von Kunststoffformen. Mit dem richtigen Fachwissen, der richtigen Ausr\u00fcstung und der Liebe zum Detail m\u00f6chte unser Unternehmen der wachsenden Nachfrage nach Kunststoffkomponenten und -produkten in verschiedenen Branchen gerecht werden.<\/b><\/big><\/p><p class=\"p1\" style=\"text-align: center;\"><big><b>Im Einklang mit diesen Zielen hebt sich B\u0130MKO von seinen Mitbewerbern in der Branche ab, indem es mit seinem flei\u00dfigen und engagierten Team einen eigenen Formraum einrichtet.<\/b><\/big><\/p><\/div>        <\/div>\n            <\/div>\n\n\t\t\t\t\t\t<\/div>\n\t\t\t\t<\/div>\n\t\t\t\t<div class=\"elementor-element elementor-element-770ddcbf sc_height_huge sc_fly_static elementor-widget elementor-widget-spacer\" data-id=\"770ddcbf\" data-element_type=\"widget\" data-widget_type=\"spacer.default\">\n\t\t\t\t<div class=\"elementor-widget-container\">\n\t\t\t\t\t\t\t<div class=\"elementor-spacer\">\n\t\t\t<div class=\"elementor-spacer-inner\"><\/div>\n\t\t<\/div>\n\t\t\t\t\t\t<\/div>\n\t\t\t\t<\/div>\n\t\t\t\t<section data-particle_enable=\"false\" data-particle-mobile-disabled=\"false\" class=\"elementor-section elementor-inner-section elementor-element elementor-element-5d85ebba elementor-section-boxed elementor-section-height-default elementor-section-height-default sc_fly_static\" data-id=\"5d85ebba\" data-element_type=\"section\" data-settings=\"{&quot;tmea_shape_divider_top&quot;:&quot;none&quot;,&quot;tmea_shape_divider_bottom&quot;:&quot;none&quot;}\">\n\t\t\t\t\t\t<div class=\"elementor-container elementor-column-gap-no\">\n\t\t\t\t\t<div class=\"elementor-column elementor-col-100 elementor-inner-column elementor-element elementor-element-7710061f sc_inner_width_none sc_content_align_inherit sc_layouts_column_icons_position_left sc_fly_static\" data-id=\"7710061f\" data-element_type=\"column\">\n\t\t\t<div class=\"elementor-widget-wrap elementor-element-populated\">\n\t\t\t\t\t\t<div class=\"elementor-element elementor-element-7885799 sc_fly_static elementor-widget elementor-widget-video\" data-id=\"7885799\" data-element_type=\"widget\" data-settings=\"{&quot;youtube_url&quot;:&quot;https:\\\/\\\/youtu.be\\\/6vwNyFy-0R8&quot;,&quot;start&quot;:0,&quot;autoplay&quot;:&quot;yes&quot;,&quot;play_on_mobile&quot;:&quot;yes&quot;,&quot;mute&quot;:&quot;yes&quot;,&quot;loop&quot;:&quot;yes&quot;,&quot;video_type&quot;:&quot;youtube&quot;,&quot;controls&quot;:&quot;yes&quot;}\" data-widget_type=\"video.default\">\n\t\t\t\t<div class=\"elementor-widget-container\">\n\t\t\t\t\t\t\t<div class=\"elementor-wrapper elementor-open-inline\">\n\t\t\t<div class=\"elementor-video\"><\/div>\t\t<\/div>\n\t\t\t\t\t\t<\/div>\n\t\t\t\t<\/div>\n\t\t\t\t\t<\/div>\n\t\t<\/div>\n\t\t\t\t\t<\/div>\n\t\t<\/section>\n\t\t\t\t<div class=\"elementor-element elementor-element-45d4966 sc_height_medium sc_fly_static elementor-widget elementor-widget-spacer\" data-id=\"45d4966\" data-element_type=\"widget\" data-widget_type=\"spacer.default\">\n\t\t\t\t<div class=\"elementor-widget-container\">\n\t\t\t\t\t\t\t<div class=\"elementor-spacer\">\n\t\t\t<div class=\"elementor-spacer-inner\"><\/div>\n\t\t<\/div>\n\t\t\t\t\t\t<\/div>\n\t\t\t\t<\/div>\n\t\t\t\t<div class=\"elementor-element elementor-element-b23cf2c sc_fly_static elementor-widget elementor-widget-eael-image-accordion\" data-id=\"b23cf2c\" data-element_type=\"widget\" data-widget_type=\"eael-image-accordion.default\">\n\t\t\t\t<div class=\"elementor-widget-container\">\n\t\t\t\t\t    <div class=\"eael-img-accordion accordion-direction-horizontal eael-img-accordion-horizontal-align-center eael-img-accordion-vertical-align-center\" id=\"eael-img-accordion-b23cf2c\" data-img-accordion-id=\"b23cf2c\" data-img-accordion-type=\"on-click\">\n                    \n            <div class=\"eael-image-accordion-hover eael-image-accordion-item\" style=\"background-image: url(https:\/\/bimko.com\/wp-content\/uploads\/2023\/06\/Ekran-Resmi-2023-06-27-02.27.32.png);\"  tabindex=\"0\">\n                <div class=\"overlay\">\n                    <div class=\"overlay-inner\">\n                                            <\/div>\n                <\/div>\n            <\/div>\n                    \n            <div class=\"eael-image-accordion-hover eael-image-accordion-item\" style=\"background-image: url(https:\/\/bimko.com\/wp-content\/uploads\/2023\/08\/pexels-daniel-smyth-10406128.jpg);\"  tabindex=\"0\">\n                <div class=\"overlay\">\n                    <div class=\"overlay-inner\">\n                                            <\/div>\n                <\/div>\n            <\/div>\n                    \n            <div class=\"eael-image-accordion-hover eael-image-accordion-item\" style=\"background-image: url(https:\/\/bimko.com\/wp-content\/uploads\/2023\/06\/Ekran-Resmi-2023-06-27-02.25.44.png);\"  tabindex=\"0\">\n                <div class=\"overlay\">\n                    <div class=\"overlay-inner\">\n                                            <\/div>\n                <\/div>\n            <\/div>\n                    \n            <div class=\"eael-image-accordion-hover eael-image-accordion-item\" style=\"background-image: url(https:\/\/bimko.com\/wp-content\/uploads\/2023\/06\/Ekran-Resmi-2023-06-27-02.24.48.png);\"  tabindex=\"0\">\n                <div class=\"overlay\">\n                    <div class=\"overlay-inner\">\n                                            <\/div>\n                <\/div>\n            <\/div>\n                    \n            <div class=\"eael-image-accordion-hover eael-image-accordion-item\" style=\"background-image: url(https:\/\/bimko.com\/wp-content\/uploads\/2023\/08\/pexels-daniel-smyth-8956313.jpg);\"  tabindex=\"0\">\n                <div class=\"overlay\">\n                    <div class=\"overlay-inner\">\n                                            <\/div>\n                <\/div>\n            <\/div>\n                    \n            <div class=\"eael-image-accordion-hover eael-image-accordion-item\" style=\"background-image: url(https:\/\/bimko.com\/wp-content\/uploads\/2023\/08\/pexels-daniel-smyth-10824760.jpg);\"  tabindex=\"0\">\n                <div class=\"overlay\">\n                    <div class=\"overlay-inner\">\n                                            <\/div>\n                <\/div>\n            <\/div>\n                <\/div>\n        \t\t\t\t<\/div>\n\t\t\t\t<\/div>\n\t\t\t\t\t<\/div>\n\t\t<\/div>\n\t\t\t\t\t<\/div>\n\t\t<\/section>\n\t\t\t\t<\/div>","protected":false},"excerpt":{"rendered":"<p>BIMKO Mold Plastik kal\u0131p \u00fcretimi, \u00e7e\u015fitli end\u00fcstrilerde hayati bir rol oynamakta ve plastik bile\u015fenlerin ve&hellip;<\/p>","protected":false},"author":1,"featured_media":0,"parent":0,"menu_order":0,"comment_status":"closed","ping_status":"closed","template":"","meta":{"footnotes":""},"class_list":["post-19839","page","type-page","status-publish","hentry"],"_links":{"self":[{"href":"https:\/\/bimko.com\/de\/wp-json\/wp\/v2\/pages\/19839","targetHints":{"allow":["GET"]}}],"collection":[{"href":"https:\/\/bimko.com\/de\/wp-json\/wp\/v2\/pages"}],"about":[{"href":"https:\/\/bimko.com\/de\/wp-json\/wp\/v2\/types\/page"}],"author":[{"embeddable":true,"href":"https:\/\/bimko.com\/de\/wp-json\/wp\/v2\/users\/1"}],"replies":[{"embeddable":true,"href":"https:\/\/bimko.com\/de\/wp-json\/wp\/v2\/comments?post=19839"}],"version-history":[{"count":12,"href":"https:\/\/bimko.com\/de\/wp-json\/wp\/v2\/pages\/19839\/revisions"}],"predecessor-version":[{"id":25140,"href":"https:\/\/bimko.com\/de\/wp-json\/wp\/v2\/pages\/19839\/revisions\/25140"}],"wp:attachment":[{"href":"https:\/\/bimko.com\/de\/wp-json\/wp\/v2\/media?parent=19839"}],"curies":[{"name":"wp","href":"https:\/\/api.w.org\/{rel}","templated":true}]}}